{"id":20188,"date":"2022-01-25T14:37:58","date_gmt":"2022-01-25T14:37:58","guid":{"rendered":"https:\/\/mamakiya.org\/?page_id=20188"},"modified":"2022-01-25T22:56:32","modified_gmt":"2022-01-25T22:56:32","slug":"datenschutzerklaerung","status":"publish","type":"page","link":"https:\/\/mamakiya.org\/pt_br\/datenschutzerklaerung\/","title":{"rendered":"Datenschutzerklaerung"},"content":{"rendered":"<div data-elementor-type=\"wp-page\" data-elementor-id=\"20188\" class=\"elementor elementor-20188\" data-elementor-post-type=\"page\">\n\t\t\t\t\t\t<section class=\"ob-is-breaking-bad elementor-section elementor-top-section elementor-element elementor-element-8cfd25a elementor-section-boxed elementor-section-height-default elementor-section-height-default\" data-id=\"8cfd25a\" data-element_type=\"section\" data-settings=\"{&quot;background_background&quot;:&quot;classic&quot;,&quot;shape_divider_bottom&quot;:&quot;waves&quot;,&quot;shape_divider_bottom_negative&quot;:&quot;yes&quot;,&quot;_ob_bbad_use_it&quot;:&quot;yes&quot;,&quot;_ob_bbad_sssic_use&quot;:&quot;no&quot;,&quot;_ob_glider_is_slider&quot;:&quot;no&quot;}\">\n\t\t\t\t\t<div class=\"elementor-shape elementor-shape-bottom\" data-negative=\"true\">\n\t\t\t<svg xmlns=\"http:\/\/www.w3.org\/2000\/svg\" viewbox=\"0 0 1000 100\" preserveaspectratio=\"none\">\n\t<path class=\"elementor-shape-fill\" d=\"M790.5,93.1c-59.3-5.3-116.8-18-192.6-50c-29.6-12.7-76.9-31-100.5-35.9c-23.6-4.9-52.6-7.8-75.5-5.3\tc-10.2,1.1-22.6,1.4-50.1,7.4c-27.2,6.3-58.2,16.6-79.4,24.7c-41.3,15.9-94.9,21.9-134,22.6C72,58.2,0,25.8,0,25.8V100h1000V65.3\tc0,0-51.5,19.4-106.2,25.7C839.5,97,814.1,95.2,790.5,93.1z\"\/>\n<\/svg>\t\t<\/div>\n\t\t\t\t\t<div class=\"elementor-container elementor-column-gap-extended\">\n\t\t\t\t\t<div class=\"elementor-column elementor-col-100 elementor-top-column elementor-element elementor-element-84ee1de\" data-id=\"84ee1de\" data-element_type=\"column\" data-settings=\"{&quot;_ob_bbad_is_stalker&quot;:&quot;no&quot;,&quot;_ob_teleporter_use&quot;:false,&quot;_ob_column_hoveranimator&quot;:&quot;no&quot;,&quot;_ob_column_has_pseudo&quot;:&quot;no&quot;}\">\n\t\t\t<div class=\"elementor-widget-wrap elementor-element-populated\">\n\t\t\t\t\t\t<div class=\"elementor-element elementor-element-fad6818 ob-harakiri-inherit ob-has-background-overlay elementor-widget elementor-widget-heading\" data-id=\"fad6818\" data-element_type=\"widget\" data-settings=\"{&quot;_ob_use_harakiri&quot;:&quot;yes&quot;,&quot;_ob_harakiri_writing_mode&quot;:&quot;inherit&quot;,&quot;_ob_harakiri_text_clip&quot;:&quot;none&quot;,&quot;_ob_perspektive_use&quot;:&quot;no&quot;,&quot;_ob_poopart_use&quot;:&quot;yes&quot;,&quot;_ob_shadough_use&quot;:&quot;no&quot;,&quot;_ob_allow_hoveranimator&quot;:&quot;no&quot;,&quot;_ob_widget_stalker_use&quot;:&quot;no&quot;}\" data-widget_type=\"heading.default\">\n\t\t\t\t<div class=\"elementor-widget-container\">\n\t\t\t<h2 class=\"elementor-heading-title elementor-size-default\">Pol\u00edtica de privacidade\nMamaKiya e. V.<\/h2>\t\t<\/div>\n\t\t\t\t<\/div>\n\t\t\t\t\t<\/div>\n\t\t<\/div>\n\t\t\t\t\t<\/div>\n\t\t<\/section>\n\t\t\t\t<section class=\"ob-is-breaking-bad elementor-section elementor-top-section elementor-element elementor-element-4e5fc98 elementor-section-boxed elementor-section-height-default elementor-section-height-default\" data-id=\"4e5fc98\" data-element_type=\"section\" data-settings=\"{&quot;_ob_bbad_use_it&quot;:&quot;yes&quot;,&quot;_ob_bbad_sssic_use&quot;:&quot;no&quot;,&quot;_ob_glider_is_slider&quot;:&quot;no&quot;}\">\n\t\t\t\t\t\t<div class=\"elementor-container elementor-column-gap-default\">\n\t\t\t\t\t<div class=\"elementor-column elementor-col-100 elementor-top-column elementor-element elementor-element-d00299d\" data-id=\"d00299d\" data-element_type=\"column\" data-settings=\"{&quot;_ob_bbad_is_stalker&quot;:&quot;no&quot;,&quot;_ob_teleporter_use&quot;:false,&quot;_ob_column_hoveranimator&quot;:&quot;no&quot;,&quot;_ob_column_has_pseudo&quot;:&quot;no&quot;}\">\n\t\t\t<div class=\"elementor-widget-wrap elementor-element-populated\">\n\t\t\t\t\t\t<div class=\"elementor-element elementor-element-e780d54 ob-harakiri-inherit ob-has-background-overlay elementor-widget elementor-widget-text-editor\" data-id=\"e780d54\" data-element_type=\"widget\" data-settings=\"{&quot;_ob_use_harakiri&quot;:&quot;yes&quot;,&quot;_ob_harakiri_writing_mode&quot;:&quot;inherit&quot;,&quot;_ob_postman_use&quot;:&quot;no&quot;,&quot;_ob_perspektive_use&quot;:&quot;no&quot;,&quot;_ob_poopart_use&quot;:&quot;yes&quot;,&quot;_ob_shadough_use&quot;:&quot;no&quot;,&quot;_ob_allow_hoveranimator&quot;:&quot;no&quot;,&quot;_ob_widget_stalker_use&quot;:&quot;no&quot;}\" data-widget_type=\"text-editor.default\">\n\t\t\t\t<div class=\"elementor-widget-container\">\n\t\t\t\t\t\t\t<p>Obrigado por visitar nosso site e por seu interesse nas atividades da MamaKiya. Quando voc\u00ea visita nosso site, n\u00f3s processamos dados sobre voc\u00ea. Como a prote\u00e7\u00e3o de seus dados pessoais \u00e9 importante para n\u00f3s, gostar\u00edamos de inform\u00e1-lo abaixo sobre como garantimos a prote\u00e7\u00e3o de seus dados. Cumprimos os requisitos de prote\u00e7\u00e3o de dados do Regulamento Europeu de Prote\u00e7\u00e3o de Dados. Em detalhes:<\/p><h2>Coleta e processamento de dados pessoais<\/h2><p>A coleta de dados pessoais neste site \u00e9 baseada no seu consentimento volunt\u00e1rio. Se voc\u00ea desejar utilizar as ofertas de servi\u00e7os em nosso website - por exemplo, para encomendar materiais, registrar-se para receber boletins informativos ou solicitar informa\u00e7\u00f5es - utilizaremos os dados que voc\u00ea nos transmitiu exclusivamente com a finalidade de tratar da consulta que voc\u00ea fez e apagaremos esses dados ap\u00f3s a expira\u00e7\u00e3o das obriga\u00e7\u00f5es legais de reten\u00e7\u00e3o.<\/p><p>Voc\u00ea pode revogar seu consentimento a qualquer momento sem dar raz\u00f5es. Para isso, entre em contato conosco por e-mail (info@mamakiya.org) ou entre em contato com o escrit\u00f3rio MamaKiya, Koblenzer Str. 11, Tel.: 01786685109.<\/p><h2>Protection of your personal data when donating online<\/h2><p>Quando voc\u00ea faz uma doa\u00e7\u00e3o on-line, seus dados s\u00e3o transmitidos para n\u00f3s criptografados utilizando as mais recentes tecnologias. Estes prestadores de servi\u00e7os s\u00e3o contratualmente obrigados pela MamaKiya a cumprir com a prote\u00e7\u00e3o de dados e s\u00f3 est\u00e3o autorizados a usar dados pessoais para o prop\u00f3sito permitido de processar corretamente sua doa\u00e7\u00e3o.<\/p><p>Para poder processar sua doa\u00e7\u00e3o, precisamos de seu nome e endere\u00e7o, assim como alguns dados obrigat\u00f3rios do banco ou cart\u00e3o de cr\u00e9dito. Uma vez inseridos seus dados no formul\u00e1rio de doa\u00e7\u00e3o e enviados, voc\u00ea receber\u00e1 um e-mail de notifica\u00e7\u00e3o de que sua doa\u00e7\u00e3o foi coletada.<\/p><p>Cookies<\/p><p>Utilizamos cookies de alguns servi\u00e7os para analisar o uso de nossas ofertas digitais e para melhor\u00e1-las continuamente para voc\u00ea, bem como para avaliar os an\u00fancios digitais. Pedimos seu consentimento para usar cookies em nosso website. Voc\u00ea pode sempre alterar ou revogar seu consentimento. Voc\u00ea pode impedir a instala\u00e7\u00e3o de cookies ajustando seu navegador de acordo. Isto pode significar que voc\u00ea n\u00e3o pode fazer pleno uso de todas as ofertas.<\/p><p>Uma vez definidos os cookies, voc\u00ea mesmo pode apag\u00e1-los a qualquer momento chamando o item de menu correspondente em seu navegador de Internet ou apagando os cookies em seu disco r\u00edgido. Voc\u00ea pode encontrar detalhes sobre isto no menu de ajuda do seu navegador de internet.<\/p><h2>Transmiss\u00e3o dos dados<\/h2><p>Por uma quest\u00e3o de princ\u00edpio, n\u00e3o transmitimos seus dados pessoais a terceiros para fins comerciais ou n\u00e3o comerciais sem seu consentimento expresso. Somente passaremos seus dados pessoais a terceiros se isso for legalmente permitido e\/ou necess\u00e1rio.<br \/>Em alguns casos, utilizamos prestadores de servi\u00e7os para o processamento de dados comissionados legalmente exigido. A responsabilidade total pelo processamento de dados permanece conosco.<\/p><p>Al\u00e9m disso, utilizamos parcialmente plugins de outros fornecedores em nosso website:<\/p><p>Google Tag Manager<\/p><p>Este \u00e9 um sistema de gerenciamento de tags para a implementa\u00e7\u00e3o de ferramentas de rastreamento e an\u00e1lise pelo Google Ireland Limited, Google Building Gordon House, 4 Barrow St, Dublin, D04 E5W5, Irlanda.<br \/>O Tag Manager n\u00e3o coleta nenhum dado pessoal, mas aciona tags que podem coletar e processar dados pessoais. Em nosso site, integramos assim o Google Analytics e o Google Remarketing.<\/p><h3>An\u00e1lise da web com Google Analytics<\/h3><p>Este site usa o Google Analytics, um servi\u00e7o de an\u00e1lise da web fornecido pela Google, Inc. (\"Google\"). Pedimos seu consentimento para usar cookies em nosso website. Voc\u00ea pode alterar ou revogar seu consentimento mais tarde.<\/p><p>O Google Analytics utiliza os chamados \"cookies\", que permitem uma an\u00e1lise do uso do site. As informa\u00e7\u00f5es geradas pelo cookie sobre seu uso do site (incluindo seu endere\u00e7o IP abreviado) ser\u00e3o transmitidas e armazenadas pelo Google em servidores nos Estados Unidos. O Google utilizar\u00e1 estas informa\u00e7\u00f5es com o prop\u00f3sito de avaliar seu uso do site, compilando relat\u00f3rios sobre a atividade do site para os operadores do site e fornecendo outros servi\u00e7os relacionados \u00e0 atividade do site e ao uso da Internet. O Google tamb\u00e9m pode transferir estas informa\u00e7\u00f5es para terceiros quando exigido por lei, ou quando tais terceiros processarem as informa\u00e7\u00f5es em nome do Google. O Google n\u00e3o associar\u00e1 seu endere\u00e7o IP com quaisquer outros dados mantidos pelo Google.<br \/>Voc\u00ea pode se opor ao uso de seus dados pelo Google Analytics, instalando um add-on em seu navegador. Para fazer isso, voc\u00ea pode seguir o link abaixo, que o levar\u00e1 para a p\u00e1gina do Google:\u00a0<a href=\"https:\/\/tools.google.com\/dlpage\/gaoptout?hl=de\">Deaktivierungs-Add-on f\u00fcr Browser von Google Analytics<\/a><\/p><h3>Google Remarketing<\/h3><p>Este website utiliza o servi\u00e7o web \"Google Remarketing\" do Google LLC para exibir an\u00fancios que colocamos na rede de publicidade do Google como parte do processo de marketing on-line \"Google Ads\" somente para usu\u00e1rios que tamb\u00e9m demonstraram interesse em nossa oferta on-line ou que tenham determinadas caracter\u00edsticas, por exemplo, interesse em determinados t\u00f3picos ou produtos.<br \/>O website utiliza tags de (re)marketing que criam um arquivo (cookie) no dispositivo final do usu\u00e1rio, que cont\u00e9m informa\u00e7\u00f5es nos websites que o usu\u00e1rio visitou, conte\u00fado no qual o usu\u00e1rio est\u00e1 interessado, ofertas j\u00e1 clicadas, navegador e sistema operacional utilizado, sites de refer\u00eancia, tempo de visita e o uso de ofertas on-line. Estes dados s\u00e3o processados com pseud\u00f4nimo dentro da rede de publicidade do Google, ou seja, sem dados pessoais, tais como nomes ou endere\u00e7os de e-mail.<\/p><p>Pedimos seu consentimento para usar cookies em nosso website. Voc\u00ea pode alterar ou revogar seu consentimento posteriormente atrav\u00e9s do \"\u00edcone de impress\u00e3o digital\". Se voc\u00ea n\u00e3o deseja usar o Google Remarketing, voc\u00ea pode desativar a fun\u00e7\u00e3o aqui ou em\u00a0<a href=\"http:\/\/www.google.com\/settings\/ads\">www.google.com\/settings\/ads<\/a>\u00a0desativar. Voc\u00ea pode encontrar mais informa\u00e7\u00f5es sobre o uso de dados do Google em\u00a0<a href=\"https:\/\/policies.google.com\/technologies\/ads\">policies.google.com\/technologies\/ads<\/a>\u00a0e\u00a0<a href=\"https:\/\/adssettings.google.com\/authenticated\">adssettings.google.com\/authenticated<\/a><\/p><h3>Log \/ arquivos de log do servidor<\/h3><p>Nosso site \u00e9 hospedado pela STRATO AC em Pascalstra\u00dfe 10<br \/>10587 Berlim, que \u00e9 contratualmente obrigada por MamaKiya a cumprir com a prote\u00e7\u00e3o de dados<br \/>Toda vez que nosso site \u00e9 acessado, o servidor web registra<\/p><ul><li>Data e hora do pedido do servidor<\/li><li>Tipo e vers\u00e3o do navegador<\/li><li>Sistema de opera\u00e7\u00e3o<\/li><li>Endere\u00e7o IP de forma an\u00f4nima para determinar o pa\u00eds de origem e o fornecedor<\/li><\/ul><p>Os dados coletados desta forma dos arquivos de registro do servidor s\u00e3o processados por n\u00f3s com base em nosso leg\u00edtimo interesse para as seguintes finalidades:<\/p><ul><li>Assegurar uma conex\u00e3o suave da presen\u00e7a na Internet,<\/li><li>Assegurando um uso confort\u00e1vel de nossa presen\u00e7a na Internet,<\/li><li>Avalia\u00e7\u00e3o da seguran\u00e7a e estabilidade do sistema, bem como para outros fins administrativos<\/li><\/ul><p>Reservamo-nos o direito de verificar posteriormente os arquivos de registro do servidor se tivermos conhecimento de indica\u00e7\u00f5es concretas de uso ilegal. Os dados ser\u00e3o apagados ap\u00f3s 14 dias, no m\u00e1ximo.<\/p><h3>Facebook<\/h3><p>O conte\u00fado do Facebook \u00e9 adicionado ao nosso site atrav\u00e9s de interfaces (APIs) (Facebook Inc., 1601 S. California Ave, Palo Alto, CA 94304, EUA). Quando voc\u00ea acessa a respectiva p\u00e1gina em nosso site, o Facebook \u00e9 informado de quais de nossos sites voc\u00ea visitou com seu endere\u00e7o IP. Se voc\u00ea estiver logado como membro do Facebook, isto ser\u00e1 atribu\u00eddo \u00e0 sua conta pessoal de usu\u00e1rio do Facebook. Ao usar as fun\u00e7\u00f5es plug-in (por exemplo, clicando no bot\u00e3o \"Like\"), esta informa\u00e7\u00e3o tamb\u00e9m \u00e9 atribu\u00edda \u00e0 sua conta no Facebook, o que voc\u00ea pode evitar ao sair do Facebook antes de usar o plug-in.<\/p><h3>Social Plugins von Facebook , Google+, Instagram.<\/h3><p>Os plugins sociais (\"plugins\") das redes sociais s\u00e3o utilizados em nosso site. Para aumentar a prote\u00e7\u00e3o de seus dados ao visitar nosso website, os plugins n\u00e3o s\u00e3o integrados \u00e0 p\u00e1gina sem restri\u00e7\u00f5es, mas apenas usando um link HTML (a chamada \"solu\u00e7\u00e3o Shariff\" do c't). Esta integra\u00e7\u00e3o assegura que quando voc\u00ea chama uma p\u00e1gina de nosso website que cont\u00e9m tais plugins, nenhuma conex\u00e3o \u00e9 ainda estabelecida com os servidores do fornecedor da respectiva rede social. Se voc\u00ea clicar em um dos bot\u00f5es, uma nova janela do seu navegador se abre e chama a p\u00e1gina do respectivo provedor de servi\u00e7os na qual voc\u00ea pode (se necess\u00e1rio ap\u00f3s inserir seus dados de login), por exemplo, pressionar o bot\u00e3o Like ou Share.<br \/>A finalidade e o escopo da coleta de dados e o posterior processamento e uso dos dados pelos provedores em suas p\u00e1ginas, bem como seus direitos a este respeito e op\u00e7\u00f5es de configura\u00e7\u00e3o para proteger sua privacidade podem ser encontrados nas informa\u00e7\u00f5es de prote\u00e7\u00e3o de dados dos provedores:<\/p><p><a href=\"http:\/\/www.facebook.com\/policy.php\">www.facebook.com\/policy<\/a><\/p><p><a href=\"http:\/\/www.google.com\/intl\/de\/+\/policy\/+1button.html\">www.google.com\/intl\/de\/+\/policy\/+1button.html<\/a><\/p><h3><strong>YouTube<\/strong><\/h3><p>Nosso site usa plugins do site YouTube operado pelo Google. O operador das p\u00e1ginas \u00e9 YouTube, LLC, 901 Cherry Ave, San Bruno, CA 94066, EUA. Quando voc\u00ea visita uma de nossas p\u00e1ginas equipadas com um plugin YouTube, \u00e9 estabelecida uma conex\u00e3o com os servidores YouTube. Isto diz ao servidor YouTube qual de nossas p\u00e1ginas voc\u00ea visitou. Se voc\u00ea est\u00e1 logado em sua conta no YouTube, voc\u00ea permite que o YouTube atribua seu comportamento de navega\u00e7\u00e3o diretamente ao seu perfil pessoal. Voc\u00ea pode evitar isso ao sair de sua conta no YouTube. Para mais informa\u00e7\u00f5es sobre o manuseio de dados do usu\u00e1rio, consulte o\u00a0<a href=\"https:\/\/www.google.de\/intl\/de\/policies\/privacy\">Pol\u00edtica de privacidade do YouTube<\/a><\/p><h2><strong>Aviso de prote\u00e7\u00e3o de dados para nossos boletins informativos por e-mail<\/strong><\/h2><p>Coletamos, processamos e armazenamos seu endere\u00e7o de e-mail depois de confirmar seu registro exclusivamente para a transmiss\u00e3o de nossos boletins informativos por e-mail. Voc\u00ea pode se opor a isso a qualquer momento - por e-mail, atrav\u00e9s de nossas pessoas de contato neste website ou para o escrit\u00f3rio da MamaKiya, Koblenzer Str 11, 51968 Col\u00f4nia. Seus dados ser\u00e3o exclu\u00eddos de nosso sistema de newsletter dentro de um m\u00eas ap\u00f3s o t\u00e9rmino da assinatura de sua newsletter<\/p><h2>Responsabilidade pelo conte\u00fado pr\u00f3prio<\/h2><p>O conte\u00fado destas p\u00e1ginas foi criado com o maior cuidado. No entanto, n\u00e3o podemos garantir a exatid\u00e3o, integridade e atualidade do conte\u00fado. Como prestador de servi\u00e7os, somos respons\u00e1veis por nosso pr\u00f3prio conte\u00fado nestas p\u00e1ginas, de acordo com as leis gerais<\/p><h2>Responsabilidade por links (conte\u00fado de fornecedores externos)<\/h2><p>Deve ser feita uma distin\u00e7\u00e3o entre nosso pr\u00f3prio conte\u00fado e refer\u00eancias cruzadas (\"links\") a conte\u00fados fornecidos por outros provedores. N\u00e3o temos influ\u00eancia sobre seu conte\u00fado; o respectivo fornecedor ou operador das p\u00e1ginas \u00e9 sempre respons\u00e1vel pelo conte\u00fado das p\u00e1ginas vinculadas.<\/p><h2>Mudan\u00e7a em nossa pol\u00edtica de privacidade<\/h2><p>Reservamo-nos o direito de alterar esta declara\u00e7\u00e3o de prote\u00e7\u00e3o de dados de tempos em tempos para garantir que ela sempre esteja de acordo com as exig\u00eancias legais atuais ou para implementar mudan\u00e7as em nossos servi\u00e7os na declara\u00e7\u00e3o de prote\u00e7\u00e3o de dados, por exemplo, ao introduzir novos servi\u00e7os. A nova declara\u00e7\u00e3o de prote\u00e7\u00e3o de dados ser\u00e1 ent\u00e3o aplicada \u00e0 sua pr\u00f3xima visita<\/p><h2>Direito de informa\u00e7\u00e3o e obje\u00e7\u00e3o<\/h2><p>Como usu\u00e1rio, lhe forneceremos informa\u00e7\u00f5es gratuitas a qualquer momento sobre quais dados coletamos de voc\u00ea e para qual finalidade. Se voc\u00ea estiver interessado, favor contatar o endere\u00e7o abaixo ou o escrit\u00f3rio da MamaKiya, Koblenzer Str.11, 50968 Col\u00f4nia. Para receber informa\u00e7\u00f5es, voc\u00ea deve se identificar como a pessoa sobre a qual as informa\u00e7\u00f5es devem ser fornecidas ou provar que voc\u00ea tem direito a receber informa\u00e7\u00f5es sobre uma terceira pessoa.<\/p><p>Voc\u00ea pode se opor ao uso de seus dados pessoais a qualquer momento, notificando-nos no endere\u00e7o de contato abaixo ou no escrit\u00f3rio MamaKiya, Koblenzer Str.11, 50968 Col\u00f4nia. Ao bloquear seus dados, garantimos que voc\u00ea n\u00e3o receber\u00e1 mais nenhuma informa\u00e7\u00e3o ou outras comunica\u00e7\u00f5es da MamaKiya. Observe, entretanto, que a exclus\u00e3o de dados s\u00f3 pode ser realizada ap\u00f3s o t\u00e9rmino dos per\u00edodos de reten\u00e7\u00e3o legal ou contratual.<\/p><h2>\u00d3rg\u00e3o respons\u00e1vel<\/h2><p>O \u00f3rg\u00e3o respons\u00e1vel em termos de lei de prote\u00e7\u00e3o de dados \u00e9 a administra\u00e7\u00e3o da MamaKiya e.V., Koblenzer Str. 11, 50968 Col\u00f4nia (Tel.:01786685109; e-mail: info@mamakiya.org).<\/p><h2>Perguntas<\/h2><p>Como pessoa interessada, voc\u00ea pode contatar o respons\u00e1vel pela prote\u00e7\u00e3o de dados da empresa com perguntas ou informa\u00e7\u00f5es ou reclama\u00e7\u00f5es a respeito de seus dados pessoais. O encarregado da prote\u00e7\u00e3o de dados \u00e9 obrigado a manter sigilo sobre a identidade do envolvido e sobre circunst\u00e2ncias que permitam tirar conclus\u00f5es sobre o envolvido, a menos que o envolvido libere o encarregado da prote\u00e7\u00e3o de dados desta obriga\u00e7\u00e3o.<\/p><p>Endere\u00e7o de contato do respons\u00e1vel pela prote\u00e7\u00e3o de dados da empresa:<br \/>Amanda Luna<br \/>Koblenzer Str. 11<br \/>510968 K\u00f6ln<br \/>Tel.: 01786685109<br \/>E-Mail: info[at]mamakiya.org<\/p>\t\t\t\t\t\t<\/div>\n\t\t\t\t<\/div>\n\t\t\t\t\t<\/div>\n\t\t<\/div>\n\t\t\t\t\t<\/div>\n\t\t<\/section>\n\t\t\t\t<\/div>","protected":false},"excerpt":{"rendered":"<p>Datenschutzerkl\u00e4rung MamaKiya e. V. Wir freuen uns \u00fcber Ihren Besuch auf unserer Webseite und Ihr Interesse an der T\u00e4tigkeit von MamaKiya. Wenn Sie unsere Webseite besuchen, verarbeiten wir Daten von [&hellip;]<\/p>","protected":false},"author":2,"featured_media":0,"parent":0,"menu_order":0,"comment_status":"closed","ping_status":"closed","template":"elementor_header_footer","meta":{"_acf_changed":false,"footnotes":""},"acf":[],"yoast_head":"<!-- This site is optimized with the Yoast SEO plugin v23.5 - https:\/\/yoast.com\/wordpress\/plugins\/seo\/ -->\n<title>Datenschutzerklaerung - mamakiya<\/title>\n<meta name=\"robots\" content=\"noindex, nofollow\" \/>\n<meta property=\"og:locale\" content=\"pt_BR\" \/>\n<meta property=\"og:type\" content=\"article\" \/>\n<meta property=\"og:title\" content=\"Datenschutzerklaerung - mamakiya\" \/>\n<meta property=\"og:description\" content=\"Datenschutzerkl\u00e4rung MamaKiya e. V. Wir freuen uns \u00fcber Ihren Besuch auf unserer Webseite und Ihr Interesse an der T\u00e4tigkeit von MamaKiya. Wenn Sie unsere Webseite besuchen, verarbeiten wir Daten von [&hellip;]\" \/>\n<meta property=\"og:url\" content=\"https:\/\/mamakiya.org\/pt_br\/datenschutzerklaerung\/\" \/>\n<meta property=\"og:site_name\" content=\"mamakiya\" \/>\n<meta property=\"article:publisher\" content=\"https:\/\/www.facebook.com\/mamakiyaeV\/\" \/>\n<meta property=\"article:modified_time\" content=\"2022-01-25T22:56:32+00:00\" \/>\n<meta name=\"twitter:card\" content=\"summary_large_image\" \/>\n<meta name=\"twitter:label1\" content=\"Est. tempo de leitura\" \/>\n\t<meta name=\"twitter:data1\" content=\"8 minutos\" \/>\n<script type=\"application\/ld+json\" class=\"yoast-schema-graph\">{\"@context\":\"https:\/\/schema.org\",\"@graph\":[{\"@type\":\"WebPage\",\"@id\":\"https:\/\/mamakiya.org\/datenschutzerklaerung\/\",\"url\":\"https:\/\/mamakiya.org\/datenschutzerklaerung\/\",\"name\":\"Datenschutzerklaerung - mamakiya\",\"isPartOf\":{\"@id\":\"https:\/\/mamakiya.org\/#website\"},\"datePublished\":\"2022-01-25T14:37:58+00:00\",\"dateModified\":\"2022-01-25T22:56:32+00:00\",\"inLanguage\":\"pt-BR\",\"potentialAction\":[{\"@type\":\"ReadAction\",\"target\":[\"https:\/\/mamakiya.org\/datenschutzerklaerung\/\"]}]},{\"@type\":\"WebSite\",\"@id\":\"https:\/\/mamakiya.org\/#website\",\"url\":\"https:\/\/mamakiya.org\/\",\"name\":\"mamakiya\",\"description\":\"Einheit in der Vielfalt\",\"publisher\":{\"@id\":\"https:\/\/mamakiya.org\/#organization\"},\"potentialAction\":[{\"@type\":\"SearchAction\",\"target\":{\"@type\":\"EntryPoint\",\"urlTemplate\":\"https:\/\/mamakiya.org\/?s={search_term_string}\"},\"query-input\":{\"@type\":\"PropertyValueSpecification\",\"valueRequired\":true,\"valueName\":\"search_term_string\"}}],\"inLanguage\":\"pt-BR\"},{\"@type\":\"Organization\",\"@id\":\"https:\/\/mamakiya.org\/#organization\",\"name\":\"MamaKiya e.V.\",\"url\":\"https:\/\/mamakiya.org\/\",\"logo\":{\"@type\":\"ImageObject\",\"inLanguage\":\"pt-BR\",\"@id\":\"https:\/\/mamakiya.org\/#\/schema\/logo\/image\/\",\"url\":\"https:\/\/mamakiya.org\/wp-content\/uploads\/2021\/06\/logo.png\",\"contentUrl\":\"https:\/\/mamakiya.org\/wp-content\/uploads\/2021\/06\/logo.png\",\"width\":1215,\"height\":174,\"caption\":\"MamaKiya e.V.\"},\"image\":{\"@id\":\"https:\/\/mamakiya.org\/#\/schema\/logo\/image\/\"},\"sameAs\":[\"https:\/\/www.facebook.com\/mamakiyaeV\/\",\"https:\/\/www.instagram.com\/mamakiyaev\/\",\"https:\/\/www.linkedin.com\/company\/43281658\/admin\/\",\"https:\/\/www.youtube.com\/channel\/UCZHLl5MijJG8PrcqkfuRhyw\"]}]}<\/script>\n<!-- \/ Yoast SEO plugin. -->","yoast_head_json":{"title":"Datenschutzerklaerung - mamakiya","robots":{"index":"noindex","follow":"nofollow"},"og_locale":"pt_BR","og_type":"article","og_title":"Datenschutzerklaerung - mamakiya","og_description":"Datenschutzerkl\u00e4rung MamaKiya e. V. Wir freuen uns \u00fcber Ihren Besuch auf unserer Webseite und Ihr Interesse an der T\u00e4tigkeit von MamaKiya. Wenn Sie unsere Webseite besuchen, verarbeiten wir Daten von [&hellip;]","og_url":"https:\/\/mamakiya.org\/pt_br\/datenschutzerklaerung\/","og_site_name":"mamakiya","article_publisher":"https:\/\/www.facebook.com\/mamakiyaeV\/","article_modified_time":"2022-01-25T22:56:32+00:00","twitter_card":"summary_large_image","twitter_misc":{"Est. tempo de leitura":"8 minutos"},"schema":{"@context":"https:\/\/schema.org","@graph":[{"@type":"WebPage","@id":"https:\/\/mamakiya.org\/datenschutzerklaerung\/","url":"https:\/\/mamakiya.org\/datenschutzerklaerung\/","name":"Datenschutzerklaerung - mamakiya","isPartOf":{"@id":"https:\/\/mamakiya.org\/#website"},"datePublished":"2022-01-25T14:37:58+00:00","dateModified":"2022-01-25T22:56:32+00:00","inLanguage":"pt-BR","potentialAction":[{"@type":"ReadAction","target":["https:\/\/mamakiya.org\/datenschutzerklaerung\/"]}]},{"@type":"WebSite","@id":"https:\/\/mamakiya.org\/#website","url":"https:\/\/mamakiya.org\/","name":"mamakiya","description":"Einheit in der Vielfalt","publisher":{"@id":"https:\/\/mamakiya.org\/#organization"},"potentialAction":[{"@type":"SearchAction","target":{"@type":"EntryPoint","urlTemplate":"https:\/\/mamakiya.org\/?s={search_term_string}"},"query-input":{"@type":"PropertyValueSpecification","valueRequired":true,"valueName":"search_term_string"}}],"inLanguage":"pt-BR"},{"@type":"Organization","@id":"https:\/\/mamakiya.org\/#organization","name":"MamaKiya e.V.","url":"https:\/\/mamakiya.org\/","logo":{"@type":"ImageObject","inLanguage":"pt-BR","@id":"https:\/\/mamakiya.org\/#\/schema\/logo\/image\/","url":"https:\/\/mamakiya.org\/wp-content\/uploads\/2021\/06\/logo.png","contentUrl":"https:\/\/mamakiya.org\/wp-content\/uploads\/2021\/06\/logo.png","width":1215,"height":174,"caption":"MamaKiya e.V."},"image":{"@id":"https:\/\/mamakiya.org\/#\/schema\/logo\/image\/"},"sameAs":["https:\/\/www.facebook.com\/mamakiyaeV\/","https:\/\/www.instagram.com\/mamakiyaev\/","https:\/\/www.linkedin.com\/company\/43281658\/admin\/","https:\/\/www.youtube.com\/channel\/UCZHLl5MijJG8PrcqkfuRhyw"]}]}},"_links":{"self":[{"href":"https:\/\/mamakiya.org\/pt_br\/wp-json\/wp\/v2\/pages\/20188"}],"collection":[{"href":"https:\/\/mamakiya.org\/pt_br\/wp-json\/wp\/v2\/pages"}],"about":[{"href":"https:\/\/mamakiya.org\/pt_br\/wp-json\/wp\/v2\/types\/page"}],"author":[{"embeddable":true,"href":"https:\/\/mamakiya.org\/pt_br\/wp-json\/wp\/v2\/users\/2"}],"replies":[{"embeddable":true,"href":"https:\/\/mamakiya.org\/pt_br\/wp-json\/wp\/v2\/comments?post=20188"}],"version-history":[{"count":0,"href":"https:\/\/mamakiya.org\/pt_br\/wp-json\/wp\/v2\/pages\/20188\/revisions"}],"wp:attachment":[{"href":"https:\/\/mamakiya.org\/pt_br\/wp-json\/wp\/v2\/media?parent=20188"}],"curies":[{"name":"wp","href":"https:\/\/api.w.org\/{rel}","templated":true}]}}