{"id":20217,"date":"2022-01-25T14:48:44","date_gmt":"2022-01-25T14:48:44","guid":{"rendered":"https:\/\/mamakiya.org\/?page_id=20217"},"modified":"2022-03-12T23:43:03","modified_gmt":"2022-03-12T23:43:03","slug":"transparenz","status":"publish","type":"page","link":"https:\/\/mamakiya.org\/es_pe\/transparenz\/","title":{"rendered":"Transparencia"},"content":{"rendered":"<div data-elementor-type=\"wp-page\" data-elementor-id=\"20217\" class=\"elementor elementor-20217\" data-elementor-post-type=\"page\">\n\t\t\t\t\t\t<section class=\"ob-is-breaking-bad elementor-section elementor-top-section elementor-element elementor-element-87ac484 elementor-section-boxed elementor-section-height-default elementor-section-height-default\" data-id=\"87ac484\" data-element_type=\"section\" data-settings=\"{&quot;background_background&quot;:&quot;classic&quot;,&quot;shape_divider_bottom&quot;:&quot;waves&quot;,&quot;shape_divider_bottom_negative&quot;:&quot;yes&quot;,&quot;_ob_bbad_use_it&quot;:&quot;yes&quot;,&quot;_ob_bbad_sssic_use&quot;:&quot;no&quot;,&quot;_ob_glider_is_slider&quot;:&quot;no&quot;}\">\n\t\t\t\t\t<div class=\"elementor-shape elementor-shape-bottom\" data-negative=\"true\">\n\t\t\t<svg xmlns=\"http:\/\/www.w3.org\/2000\/svg\" viewbox=\"0 0 1000 100\" preserveaspectratio=\"none\">\n\t<path class=\"elementor-shape-fill\" d=\"M790.5,93.1c-59.3-5.3-116.8-18-192.6-50c-29.6-12.7-76.9-31-100.5-35.9c-23.6-4.9-52.6-7.8-75.5-5.3\tc-10.2,1.1-22.6,1.4-50.1,7.4c-27.2,6.3-58.2,16.6-79.4,24.7c-41.3,15.9-94.9,21.9-134,22.6C72,58.2,0,25.8,0,25.8V100h1000V65.3\tc0,0-51.5,19.4-106.2,25.7C839.5,97,814.1,95.2,790.5,93.1z\"\/>\n<\/svg>\t\t<\/div>\n\t\t\t\t\t<div class=\"elementor-container elementor-column-gap-extended\">\n\t\t\t\t\t<div class=\"elementor-column elementor-col-100 elementor-top-column elementor-element elementor-element-60706fd\" data-id=\"60706fd\" data-element_type=\"column\" data-settings=\"{&quot;_ob_bbad_is_stalker&quot;:&quot;no&quot;,&quot;_ob_teleporter_use&quot;:false,&quot;_ob_column_hoveranimator&quot;:&quot;no&quot;,&quot;_ob_column_has_pseudo&quot;:&quot;no&quot;}\">\n\t\t\t<div class=\"elementor-widget-wrap elementor-element-populated\">\n\t\t\t\t\t\t<div class=\"elementor-element elementor-element-9c5b3ef ob-harakiri-inherit ob-has-background-overlay elementor-widget elementor-widget-heading\" data-id=\"9c5b3ef\" data-element_type=\"widget\" data-settings=\"{&quot;_ob_use_harakiri&quot;:&quot;yes&quot;,&quot;_ob_harakiri_writing_mode&quot;:&quot;inherit&quot;,&quot;_ob_harakiri_text_clip&quot;:&quot;none&quot;,&quot;_ob_perspektive_use&quot;:&quot;no&quot;,&quot;_ob_poopart_use&quot;:&quot;yes&quot;,&quot;_ob_shadough_use&quot;:&quot;no&quot;,&quot;_ob_allow_hoveranimator&quot;:&quot;no&quot;,&quot;_ob_widget_stalker_use&quot;:&quot;no&quot;}\" data-widget_type=\"heading.default\">\n\t\t\t\t<div class=\"elementor-widget-container\">\n\t\t\t<h1 class=\"elementor-heading-title elementor-size-default\">transparenz\n<\/h1>\t\t<\/div>\n\t\t\t\t<\/div>\n\t\t\t\t\t<\/div>\n\t\t<\/div>\n\t\t\t\t\t<\/div>\n\t\t<\/section>\n\t\t\t\t<section class=\"ob-is-breaking-bad elementor-section elementor-top-section elementor-element elementor-element-54e3473 elementor-section-boxed elementor-section-height-default elementor-section-height-default\" data-id=\"54e3473\" data-element_type=\"section\" data-settings=\"{&quot;_ob_bbad_use_it&quot;:&quot;yes&quot;,&quot;_ob_bbad_sssic_use&quot;:&quot;no&quot;,&quot;_ob_glider_is_slider&quot;:&quot;no&quot;}\">\n\t\t\t\t\t\t<div class=\"elementor-container elementor-column-gap-default\">\n\t\t\t\t\t<div class=\"elementor-column elementor-col-100 elementor-top-column elementor-element elementor-element-3adf80d\" data-id=\"3adf80d\" data-element_type=\"column\" data-settings=\"{&quot;_ob_bbad_is_stalker&quot;:&quot;no&quot;,&quot;_ob_teleporter_use&quot;:false,&quot;_ob_column_hoveranimator&quot;:&quot;no&quot;,&quot;_ob_column_has_pseudo&quot;:&quot;no&quot;}\">\n\t\t\t<div class=\"elementor-widget-wrap elementor-element-populated\">\n\t\t\t\t\t\t<section class=\"ob-is-breaking-bad ob-bb-inner elementor-section elementor-inner-section elementor-element elementor-element-80a7dd7 elementor-section-boxed elementor-section-height-default elementor-section-height-default\" data-id=\"80a7dd7\" data-element_type=\"section\" data-settings=\"{&quot;_ob_bbad_use_it&quot;:&quot;yes&quot;,&quot;_ob_bbad_sssic_use&quot;:&quot;no&quot;,&quot;_ob_glider_is_slider&quot;:&quot;no&quot;}\">\n\t\t\t\t\t\t<div class=\"elementor-container elementor-column-gap-default\">\n\t\t\t\t\t<div class=\"elementor-column elementor-col-100 elementor-inner-column elementor-element elementor-element-c073cfe\" data-id=\"c073cfe\" data-element_type=\"column\" data-settings=\"{&quot;_ob_bbad_is_stalker&quot;:&quot;no&quot;,&quot;_ob_teleporter_use&quot;:false,&quot;_ob_column_hoveranimator&quot;:&quot;no&quot;,&quot;_ob_column_has_pseudo&quot;:&quot;no&quot;}\">\n\t\t\t<div class=\"elementor-widget-wrap elementor-element-populated\">\n\t\t\t\t\t\t<div class=\"elementor-element elementor-element-7a1d1eb ob-harakiri-inherit ob-has-background-overlay elementor-widget elementor-widget-text-editor\" data-id=\"7a1d1eb\" data-element_type=\"widget\" data-settings=\"{&quot;_ob_use_harakiri&quot;:&quot;yes&quot;,&quot;_ob_harakiri_writing_mode&quot;:&quot;inherit&quot;,&quot;_ob_postman_use&quot;:&quot;no&quot;,&quot;_ob_perspektive_use&quot;:&quot;no&quot;,&quot;_ob_poopart_use&quot;:&quot;yes&quot;,&quot;_ob_shadough_use&quot;:&quot;no&quot;,&quot;_ob_allow_hoveranimator&quot;:&quot;no&quot;,&quot;_ob_widget_stalker_use&quot;:&quot;no&quot;}\" data-widget_type=\"text-editor.default\">\n\t\t\t\t<div class=\"elementor-widget-container\">\n\t\t\t\t\t\t\t<p>Eine kurze Erl\u00e4uterung zu unseren Ver\u00f6ffentlichungen: Wir bem\u00fchen uns, unsere Daten so aktuell wie m\u00f6glich zu halten. Unsere erste Steuererkl\u00e4rung f\u00fcr 2020 wird im Juni abgegeben. Wir bedanken uns f\u00fcr Ihr Interesse an unserem Verein, MamaKiya e.V.<\/p>\t\t\t\t\t\t<\/div>\n\t\t\t\t<\/div>\n\t\t\t\t\t<\/div>\n\t\t<\/div>\n\t\t\t\t\t<\/div>\n\t\t<\/section>\n\t\t\t\t<section class=\"ob-is-breaking-bad ob-bb-inner elementor-section elementor-inner-section elementor-element elementor-element-40032cc elementor-section-boxed elementor-section-height-default elementor-section-height-default\" data-id=\"40032cc\" data-element_type=\"section\" data-settings=\"{&quot;_ob_bbad_use_it&quot;:&quot;yes&quot;,&quot;_ob_bbad_sssic_use&quot;:&quot;no&quot;,&quot;_ob_glider_is_slider&quot;:&quot;no&quot;}\">\n\t\t\t\t\t\t<div class=\"elementor-container elementor-column-gap-default\">\n\t\t\t\t\t<div class=\"elementor-column elementor-col-50 elementor-inner-column elementor-element elementor-element-881fc98\" data-id=\"881fc98\" data-element_type=\"column\" data-settings=\"{&quot;_ob_bbad_is_stalker&quot;:&quot;no&quot;,&quot;_ob_teleporter_use&quot;:false,&quot;_ob_column_hoveranimator&quot;:&quot;no&quot;,&quot;_ob_column_has_pseudo&quot;:&quot;no&quot;}\">\n\t\t\t<div class=\"elementor-widget-wrap elementor-element-populated\">\n\t\t\t\t\t\t<div class=\"elementor-element elementor-element-e0abc0f ob-harakiri-inherit ob-has-background-overlay elementor-widget elementor-widget-heading\" data-id=\"e0abc0f\" data-element_type=\"widget\" data-settings=\"{&quot;_ob_use_harakiri&quot;:&quot;yes&quot;,&quot;_ob_harakiri_writing_mode&quot;:&quot;inherit&quot;,&quot;_ob_harakiri_text_clip&quot;:&quot;none&quot;,&quot;_ob_perspektive_use&quot;:&quot;no&quot;,&quot;_ob_poopart_use&quot;:&quot;yes&quot;,&quot;_ob_shadough_use&quot;:&quot;no&quot;,&quot;_ob_allow_hoveranimator&quot;:&quot;no&quot;,&quot;_ob_widget_stalker_use&quot;:&quot;no&quot;}\" data-widget_type=\"heading.default\">\n\t\t\t\t<div class=\"elementor-widget-container\">\n\t\t\t<h2 class=\"elementor-heading-title elementor-size-default\">ALLE DOWNLOADS ALS PDF<\/h2>\t\t<\/div>\n\t\t\t\t<\/div>\n\t\t\t\t<div class=\"elementor-element elementor-element-8a01569 elementor-view-stacked elementor-position-left elementor-shape-circle elementor-mobile-position-top elementor-vertical-align-top ob-has-background-overlay elementor-widget elementor-widget-icon-box\" data-id=\"8a01569\" data-element_type=\"widget\" data-settings=\"{&quot;_ob_perspektive_use&quot;:&quot;no&quot;,&quot;_ob_poopart_use&quot;:&quot;yes&quot;,&quot;_ob_shadough_use&quot;:&quot;no&quot;,&quot;_ob_allow_hoveranimator&quot;:&quot;no&quot;,&quot;_ob_widget_stalker_use&quot;:&quot;no&quot;}\" data-widget_type=\"icon-box.default\">\n\t\t\t\t<div class=\"elementor-widget-container\">\n\t\t\t\t\t<div class=\"elementor-icon-box-wrapper\">\n\n\t\t\t\t\t\t<div class=\"elementor-icon-box-icon\">\n\t\t\t\t<span  class=\"elementor-icon elementor-animation-\">\n\t\t\t\t<i aria-hidden=\"true\" class=\"fas fa-chart-bar\"><\/i>\t\t\t\t<\/span>\n\t\t\t<\/div>\n\t\t\t\n\t\t\t\t\t\t<div class=\"elementor-icon-box-content\">\n\n\t\t\t\t\t\t\t\t\t<h3 class=\"elementor-icon-box-title\">\n\t\t\t\t\t\t<span  >\n\t\t\t\t\t\t\tDIE VEREINSSATZUNG - FREISTELLUNGSBESCHEID\t\t\t\t\t\t<\/span>\n\t\t\t\t\t<\/h3>\n\t\t\t\t\n\t\t\t\t\t\t\t\t\t<p class=\"elementor-icon-box-description\">\n\t\t\t\t\t\t<a style=\"color:#F9805D \"href=\"https:\/\/mamakiya.org\/wp-content\/uploads\/2022\/03\/Satzung_MamaKiya_e_V.pdf\">Satzung<\/a> y <a style=\"color:#F9805D \"href=\"https:\/\/mamakiya.org\/wp-content\/uploads\/2022\/03\/Freistellungsbescheid_MamaKiya_e_V.pdf\">Freistellungsbescheid<\/a>\t\t\t\t\t<\/p>\n\t\t\t\t\n\t\t\t<\/div>\n\t\t\t\n\t\t<\/div>\n\t\t\t\t<\/div>\n\t\t\t\t<\/div>\n\t\t\t\t<div class=\"elementor-element elementor-element-2dfb0a0 elementor-view-stacked elementor-position-left elementor-shape-circle elementor-mobile-position-top elementor-vertical-align-top ob-has-background-overlay elementor-widget elementor-widget-icon-box\" data-id=\"2dfb0a0\" data-element_type=\"widget\" data-settings=\"{&quot;_ob_perspektive_use&quot;:&quot;no&quot;,&quot;_ob_poopart_use&quot;:&quot;yes&quot;,&quot;_ob_shadough_use&quot;:&quot;no&quot;,&quot;_ob_allow_hoveranimator&quot;:&quot;no&quot;,&quot;_ob_widget_stalker_use&quot;:&quot;no&quot;}\" data-widget_type=\"icon-box.default\">\n\t\t\t\t<div class=\"elementor-widget-container\">\n\t\t\t\t\t<div class=\"elementor-icon-box-wrapper\">\n\n\t\t\t\t\t\t<div class=\"elementor-icon-box-icon\">\n\t\t\t\t<a href=\"https:\/\/mamakiya.org\/wp-content\/uploads\/2022\/01\/Komm_Stell_nahme_Mamakiya-1.pdf\" class=\"elementor-icon elementor-animation-\" tabindex=\"-1\">\n\t\t\t\t<i aria-hidden=\"true\" class=\"far fa-file\"><\/i>\t\t\t\t<\/a>\n\t\t\t<\/div>\n\t\t\t\n\t\t\t\t\t\t<div class=\"elementor-icon-box-content\">\n\n\t\t\t\t\t\t\t\t\t<h3 class=\"elementor-icon-box-title\">\n\t\t\t\t\t\t<a href=\"https:\/\/mamakiya.org\/wp-content\/uploads\/2022\/01\/Komm_Stell_nahme_Mamakiya-1.pdf\" >\n\t\t\t\t\t\t\tKOMMUNALE STELLUNGNAHME \t\t\t\t\t\t<\/a>\n\t\t\t\t\t<\/h3>\n\t\t\t\t\n\t\t\t\t\t\t\t\t\t<p class=\"elementor-icon-box-description\">\n\t\t\t\t\t\t<a style=\"color:#F9805D \" href=\"https:\/\/mamakiya.org\/wp-content\/uploads\/2022\/01\/Komm_Stell_nahme_Mamakiya-1.pdf\">Komm_Stell_nahme_Mamakiya<\/a>\t\t\t\t\t<\/p>\n\t\t\t\t\n\t\t\t<\/div>\n\t\t\t\n\t\t<\/div>\n\t\t\t\t<\/div>\n\t\t\t\t<\/div>\n\t\t\t\t<div class=\"elementor-element elementor-element-0f2837a elementor-view-stacked elementor-position-left elementor-shape-circle elementor-mobile-position-top elementor-vertical-align-top ob-has-background-overlay elementor-widget elementor-widget-icon-box\" data-id=\"0f2837a\" data-element_type=\"widget\" data-settings=\"{&quot;_ob_perspektive_use&quot;:&quot;no&quot;,&quot;_ob_poopart_use&quot;:&quot;yes&quot;,&quot;_ob_shadough_use&quot;:&quot;no&quot;,&quot;_ob_allow_hoveranimator&quot;:&quot;no&quot;,&quot;_ob_widget_stalker_use&quot;:&quot;no&quot;}\" data-widget_type=\"icon-box.default\">\n\t\t\t\t<div class=\"elementor-widget-container\">\n\t\t\t\t\t<div class=\"elementor-icon-box-wrapper\">\n\n\t\t\t\t\t\t<div class=\"elementor-icon-box-icon\">\n\t\t\t\t<span  class=\"elementor-icon elementor-animation-\">\n\t\t\t\t<i aria-hidden=\"true\" class=\"fas fa-brain\"><\/i>\t\t\t\t<\/span>\n\t\t\t<\/div>\n\t\t\t\n\t\t\t\t\t\t<div class=\"elementor-icon-box-content\">\n\n\t\t\t\t\t\t\t\t\t<h3 class=\"elementor-icon-box-title\">\n\t\t\t\t\t\t<span  >\n\t\t\t\t\t\t\tFINANZIERUNGSABSCHLUSS\t\t\t\t\t\t<\/span>\n\t\t\t\t\t<\/h3>\n\t\t\t\t\n\t\t\t\t\t\t\t\t\t<p class=\"elementor-icon-box-description\">\n\t\t\t\t\t\tIm Juli werden wir unsere erste Steuererkl\u00e4rung abgeben, da wir erst im Jahr 2020 mit Aktivit\u00e4ten begonnen haben\t\t\t\t\t<\/p>\n\t\t\t\t\n\t\t\t<\/div>\n\t\t\t\n\t\t<\/div>\n\t\t\t\t<\/div>\n\t\t\t\t<\/div>\n\t\t\t\t<div class=\"elementor-element elementor-element-a0b4451 elementor-view-stacked elementor-position-left elementor-shape-circle elementor-mobile-position-top elementor-vertical-align-top ob-has-background-overlay elementor-widget elementor-widget-icon-box\" data-id=\"a0b4451\" data-element_type=\"widget\" data-settings=\"{&quot;_ob_perspektive_use&quot;:&quot;no&quot;,&quot;_ob_poopart_use&quot;:&quot;yes&quot;,&quot;_ob_shadough_use&quot;:&quot;no&quot;,&quot;_ob_allow_hoveranimator&quot;:&quot;no&quot;,&quot;_ob_widget_stalker_use&quot;:&quot;no&quot;}\" data-widget_type=\"icon-box.default\">\n\t\t\t\t<div class=\"elementor-widget-container\">\n\t\t\t\t\t<div class=\"elementor-icon-box-wrapper\">\n\n\t\t\t\t\t\t<div class=\"elementor-icon-box-icon\">\n\t\t\t\t<span  class=\"elementor-icon elementor-animation-\">\n\t\t\t\t<i aria-hidden=\"true\" class=\"fas fa-project-diagram\"><\/i>\t\t\t\t<\/span>\n\t\t\t<\/div>\n\t\t\t\n\t\t\t\t\t\t<div class=\"elementor-icon-box-content\">\n\n\t\t\t\t\t\t\t\t\t<h3 class=\"elementor-icon-box-title\">\n\t\t\t\t\t\t<span  >\n\t\t\t\t\t\t\tALLE PROJEKTE VON MAMAKIYA\t\t\t\t\t\t<\/span>\n\t\t\t\t\t<\/h3>\n\t\t\t\t\n\t\t\t\t\t\t\t\t\t<p class=\"elementor-icon-box-description\">\n\t\t\t\t\t\tMamaKiya e.V. hat bereits Erfahrung in der Umsetzung von gemeinn\u00fctzigen Projekten, die von F\u00f6rderinstitutionen und Spender*innen finanziert werden. Anbei die Zusammenfassung <a style=\"color:#F9805D \"href=\"https:\/\/mamakiya.org\/wp-content\/uploads\/2022\/01\/Projectos_MAMAKIYA.pdf\">Projectos_MAMAKIYA<\/a>\t\t\t\t\t<\/p>\n\t\t\t\t\n\t\t\t<\/div>\n\t\t\t\n\t\t<\/div>\n\t\t\t\t<\/div>\n\t\t\t\t<\/div>\n\t\t\t\t\t<\/div>\n\t\t<\/div>\n\t\t\t\t<div class=\"elementor-column elementor-col-50 elementor-inner-column elementor-element elementor-element-b592a0f\" data-id=\"b592a0f\" data-element_type=\"column\" data-settings=\"{&quot;_ob_bbad_is_stalker&quot;:&quot;no&quot;,&quot;_ob_teleporter_use&quot;:false,&quot;_ob_column_hoveranimator&quot;:&quot;no&quot;,&quot;_ob_column_has_pseudo&quot;:&quot;no&quot;}\">\n\t\t\t<div class=\"elementor-widget-wrap elementor-element-populated\">\n\t\t\t\t\t\t<div class=\"elementor-element elementor-element-8c2297c ob-has-background-overlay elementor-widget elementor-widget-image\" data-id=\"8c2297c\" data-element_type=\"widget\" data-settings=\"{&quot;_ob_photomorph_use&quot;:&quot;no&quot;,&quot;_ob_perspektive_use&quot;:&quot;no&quot;,&quot;_ob_poopart_use&quot;:&quot;yes&quot;,&quot;_ob_shadough_use&quot;:&quot;no&quot;,&quot;_ob_allow_hoveranimator&quot;:&quot;no&quot;,&quot;_ob_widget_stalker_use&quot;:&quot;no&quot;}\" data-widget_type=\"image.default\">\n\t\t\t\t<div class=\"elementor-widget-container\">\n\t\t\t\t\t\t\t\t\t\t\t\t\t<img fetchpriority=\"high\" decoding=\"async\" width=\"423\" height=\"415\" src=\"https:\/\/mamakiya.org\/wp-content\/uploads\/2022\/01\/amanda_luna1-1.png\" class=\"attachment-full size-full wp-image-20239\" alt=\"amanda_luna_tacunan\" srcset=\"https:\/\/mamakiya.org\/wp-content\/uploads\/2022\/01\/amanda_luna1-1.png 423w, https:\/\/mamakiya.org\/wp-content\/uploads\/2022\/01\/amanda_luna1-1-300x294.png 300w, https:\/\/mamakiya.org\/wp-content\/uploads\/2022\/01\/amanda_luna1-1-12x12.png 12w\" sizes=\"(max-width: 423px) 100vw, 423px\" \/>\t\t\t\t\t\t\t\t\t\t\t\t\t<\/div>\n\t\t\t\t<\/div>\n\t\t\t\t<div class=\"elementor-element elementor-element-8ff0205 ob-harakiri-inherit ob-has-background-overlay elementor-widget elementor-widget-heading\" data-id=\"8ff0205\" data-element_type=\"widget\" data-settings=\"{&quot;_ob_use_harakiri&quot;:&quot;yes&quot;,&quot;_ob_harakiri_writing_mode&quot;:&quot;inherit&quot;,&quot;_ob_harakiri_text_clip&quot;:&quot;none&quot;,&quot;_ob_perspektive_use&quot;:&quot;no&quot;,&quot;_ob_poopart_use&quot;:&quot;yes&quot;,&quot;_ob_shadough_use&quot;:&quot;no&quot;,&quot;_ob_allow_hoveranimator&quot;:&quot;no&quot;,&quot;_ob_widget_stalker_use&quot;:&quot;no&quot;}\" data-widget_type=\"heading.default\">\n\t\t\t\t<div class=\"elementor-widget-container\">\n\t\t\t<h2 class=\"elementor-heading-title elementor-size-default\">Amanda Luna Tacunan<\/h2>\t\t<\/div>\n\t\t\t\t<\/div>\n\t\t\t\t<div class=\"elementor-element elementor-element-55b67a7 ob-harakiri-inherit ob-has-background-overlay elementor-widget elementor-widget-heading\" data-id=\"55b67a7\" data-element_type=\"widget\" data-settings=\"{&quot;_ob_use_harakiri&quot;:&quot;yes&quot;,&quot;_ob_harakiri_writing_mode&quot;:&quot;inherit&quot;,&quot;_ob_harakiri_text_clip&quot;:&quot;none&quot;,&quot;_ob_perspektive_use&quot;:&quot;no&quot;,&quot;_ob_poopart_use&quot;:&quot;yes&quot;,&quot;_ob_shadough_use&quot;:&quot;no&quot;,&quot;_ob_allow_hoveranimator&quot;:&quot;no&quot;,&quot;_ob_widget_stalker_use&quot;:&quot;no&quot;}\" data-widget_type=\"heading.default\">\n\t\t\t\t<div class=\"elementor-widget-container\">\n\t\t\t<h2 class=\"elementor-heading-title elementor-size-default\">Gesschaftsf\u00fchrerin<\/h2>\t\t<\/div>\n\t\t\t\t<\/div>\n\t\t\t\t<div class=\"elementor-element elementor-element-6f71e3f ob-harakiri-inherit ob-has-background-overlay elementor-widget elementor-widget-text-editor\" data-id=\"6f71e3f\" data-element_type=\"widget\" data-settings=\"{&quot;_ob_use_harakiri&quot;:&quot;yes&quot;,&quot;_ob_harakiri_writing_mode&quot;:&quot;inherit&quot;,&quot;_ob_postman_use&quot;:&quot;no&quot;,&quot;_ob_perspektive_use&quot;:&quot;no&quot;,&quot;_ob_poopart_use&quot;:&quot;yes&quot;,&quot;_ob_shadough_use&quot;:&quot;no&quot;,&quot;_ob_allow_hoveranimator&quot;:&quot;no&quot;,&quot;_ob_widget_stalker_use&quot;:&quot;no&quot;}\" data-widget_type=\"text-editor.default\">\n\t\t\t\t<div class=\"elementor-widget-container\">\n\t\t\t\t\t\t\tLiebe Freunde, Unterst\u00fctzer und Partner,\n\nF\u00fcr Mamakiya ist der verantwortungsvolle Umgang mit Spenden und Zuwendungen eine unbedingte Voraussetzung f\u00fcr all unser Handeln. Selbstverst\u00e4ndlich k\u00f6nnen Sie alle Finanzberichte online abrufen oder herunterladen. Wir m\u00f6chten uns an dieser Stelle bei allen Besuchern f\u00fcr ihr Interesse an unserer Arbeit bedanken.\n\nWenn Sie Fragen haben, z\u00f6gern Sie bitte nicht, uns direkt zu kontaktieren. Sie k\u00f6nnen unseren Direktor direkt anrufen oder eine E-Mail an amanda.luna(at)mamakiya.org senden.\n\nWir danken Ihnen f\u00fcr Ihr Vertrauen. Transparenz ist unsere Bedingung.\t\t\t\t\t\t<\/div>\n\t\t\t\t<\/div>\n\t\t\t\t\t<\/div>\n\t\t<\/div>\n\t\t\t\t\t<\/div>\n\t\t<\/section>\n\t\t\t\t\t<\/div>\n\t\t<\/div>\n\t\t\t\t\t<\/div>\n\t\t<\/section>\n\t\t\t\t<\/div>","protected":false},"excerpt":{"rendered":"<p>transparenz Eine kurze Erl\u00e4uterung zu unseren Ver\u00f6ffentlichungen: Wir bem\u00fchen uns, unsere Daten so aktuell wie m\u00f6glich zu halten. Unsere erste Steuererkl\u00e4rung f\u00fcr 2020 wird im Juni abgegeben. Wir bedanken uns [&hellip;]<\/p>","protected":false},"author":2,"featured_media":0,"parent":0,"menu_order":0,"comment_status":"closed","ping_status":"closed","template":"elementor_header_footer","meta":{"_acf_changed":false,"footnotes":""},"acf":[],"yoast_head":"<!-- This site is optimized with the Yoast SEO plugin v23.5 - https:\/\/yoast.com\/wordpress\/plugins\/seo\/ -->\n<title>Transparenz - mamakiya<\/title>\n<meta name=\"robots\" content=\"noindex, nofollow\" \/>\n<meta property=\"og:locale\" content=\"es_ES\" \/>\n<meta property=\"og:type\" content=\"article\" \/>\n<meta property=\"og:title\" content=\"Transparenz - mamakiya\" \/>\n<meta property=\"og:description\" content=\"transparenz Eine kurze Erl\u00e4uterung zu unseren Ver\u00f6ffentlichungen: Wir bem\u00fchen uns, unsere Daten so aktuell wie m\u00f6glich zu halten. Unsere erste Steuererkl\u00e4rung f\u00fcr 2020 wird im Juni abgegeben. Wir bedanken uns [&hellip;]\" \/>\n<meta property=\"og:url\" content=\"https:\/\/mamakiya.org\/es_pe\/transparenz\/\" \/>\n<meta property=\"og:site_name\" content=\"mamakiya\" \/>\n<meta property=\"article:publisher\" content=\"https:\/\/www.facebook.com\/mamakiyaeV\/\" \/>\n<meta property=\"article:modified_time\" content=\"2022-03-12T23:43:03+00:00\" \/>\n<meta property=\"og:image\" content=\"https:\/\/mamakiya.org\/wp-content\/uploads\/2022\/01\/amanda_luna1-1.png\" \/>\n<meta name=\"twitter:card\" content=\"summary_large_image\" \/>\n<meta name=\"twitter:label1\" content=\"Est. reading time\" \/>\n\t<meta name=\"twitter:data1\" content=\"1 minuto\" \/>\n<script type=\"application\/ld+json\" class=\"yoast-schema-graph\">{\"@context\":\"https:\/\/schema.org\",\"@graph\":[{\"@type\":\"WebPage\",\"@id\":\"https:\/\/mamakiya.org\/transparenz\/\",\"url\":\"https:\/\/mamakiya.org\/transparenz\/\",\"name\":\"Transparenz - mamakiya\",\"isPartOf\":{\"@id\":\"https:\/\/mamakiya.org\/#website\"},\"primaryImageOfPage\":{\"@id\":\"https:\/\/mamakiya.org\/transparenz\/#primaryimage\"},\"image\":{\"@id\":\"https:\/\/mamakiya.org\/transparenz\/#primaryimage\"},\"thumbnailUrl\":\"https:\/\/mamakiya.org\/wp-content\/uploads\/2022\/01\/amanda_luna1-1.png\",\"datePublished\":\"2022-01-25T14:48:44+00:00\",\"dateModified\":\"2022-03-12T23:43:03+00:00\",\"inLanguage\":\"es\",\"potentialAction\":[{\"@type\":\"ReadAction\",\"target\":[\"https:\/\/mamakiya.org\/transparenz\/\"]}]},{\"@type\":\"ImageObject\",\"inLanguage\":\"es\",\"@id\":\"https:\/\/mamakiya.org\/transparenz\/#primaryimage\",\"url\":\"https:\/\/mamakiya.org\/wp-content\/uploads\/2022\/01\/amanda_luna1-1.png\",\"contentUrl\":\"https:\/\/mamakiya.org\/wp-content\/uploads\/2022\/01\/amanda_luna1-1.png\"},{\"@type\":\"WebSite\",\"@id\":\"https:\/\/mamakiya.org\/#website\",\"url\":\"https:\/\/mamakiya.org\/\",\"name\":\"mamakiya\",\"description\":\"Einheit in der Vielfalt\",\"publisher\":{\"@id\":\"https:\/\/mamakiya.org\/#organization\"},\"potentialAction\":[{\"@type\":\"SearchAction\",\"target\":{\"@type\":\"EntryPoint\",\"urlTemplate\":\"https:\/\/mamakiya.org\/?s={search_term_string}\"},\"query-input\":{\"@type\":\"PropertyValueSpecification\",\"valueRequired\":true,\"valueName\":\"search_term_string\"}}],\"inLanguage\":\"es\"},{\"@type\":\"Organization\",\"@id\":\"https:\/\/mamakiya.org\/#organization\",\"name\":\"MamaKiya e.V.\",\"url\":\"https:\/\/mamakiya.org\/\",\"logo\":{\"@type\":\"ImageObject\",\"inLanguage\":\"es\",\"@id\":\"https:\/\/mamakiya.org\/#\/schema\/logo\/image\/\",\"url\":\"https:\/\/mamakiya.org\/wp-content\/uploads\/2021\/06\/logo.png\",\"contentUrl\":\"https:\/\/mamakiya.org\/wp-content\/uploads\/2021\/06\/logo.png\",\"width\":1215,\"height\":174,\"caption\":\"MamaKiya e.V.\"},\"image\":{\"@id\":\"https:\/\/mamakiya.org\/#\/schema\/logo\/image\/\"},\"sameAs\":[\"https:\/\/www.facebook.com\/mamakiyaeV\/\",\"https:\/\/www.instagram.com\/mamakiyaev\/\",\"https:\/\/www.linkedin.com\/company\/43281658\/admin\/\",\"https:\/\/www.youtube.com\/channel\/UCZHLl5MijJG8PrcqkfuRhyw\"]}]}<\/script>\n<!-- \/ Yoast SEO plugin. -->","yoast_head_json":{"title":"Transparenz - mamakiya","robots":{"index":"noindex","follow":"nofollow"},"og_locale":"es_ES","og_type":"article","og_title":"Transparenz - mamakiya","og_description":"transparenz Eine kurze Erl\u00e4uterung zu unseren Ver\u00f6ffentlichungen: Wir bem\u00fchen uns, unsere Daten so aktuell wie m\u00f6glich zu halten. Unsere erste Steuererkl\u00e4rung f\u00fcr 2020 wird im Juni abgegeben. Wir bedanken uns [&hellip;]","og_url":"https:\/\/mamakiya.org\/es_pe\/transparenz\/","og_site_name":"mamakiya","article_publisher":"https:\/\/www.facebook.com\/mamakiyaeV\/","article_modified_time":"2022-03-12T23:43:03+00:00","og_image":[{"url":"https:\/\/mamakiya.org\/wp-content\/uploads\/2022\/01\/amanda_luna1-1.png"}],"twitter_card":"summary_large_image","twitter_misc":{"Est. reading time":"1 minuto"},"schema":{"@context":"https:\/\/schema.org","@graph":[{"@type":"WebPage","@id":"https:\/\/mamakiya.org\/transparenz\/","url":"https:\/\/mamakiya.org\/transparenz\/","name":"Transparenz - mamakiya","isPartOf":{"@id":"https:\/\/mamakiya.org\/#website"},"primaryImageOfPage":{"@id":"https:\/\/mamakiya.org\/transparenz\/#primaryimage"},"image":{"@id":"https:\/\/mamakiya.org\/transparenz\/#primaryimage"},"thumbnailUrl":"https:\/\/mamakiya.org\/wp-content\/uploads\/2022\/01\/amanda_luna1-1.png","datePublished":"2022-01-25T14:48:44+00:00","dateModified":"2022-03-12T23:43:03+00:00","inLanguage":"es","potentialAction":[{"@type":"ReadAction","target":["https:\/\/mamakiya.org\/transparenz\/"]}]},{"@type":"ImageObject","inLanguage":"es","@id":"https:\/\/mamakiya.org\/transparenz\/#primaryimage","url":"https:\/\/mamakiya.org\/wp-content\/uploads\/2022\/01\/amanda_luna1-1.png","contentUrl":"https:\/\/mamakiya.org\/wp-content\/uploads\/2022\/01\/amanda_luna1-1.png"},{"@type":"WebSite","@id":"https:\/\/mamakiya.org\/#website","url":"https:\/\/mamakiya.org\/","name":"mamakiya","description":"Einheit in der Vielfalt","publisher":{"@id":"https:\/\/mamakiya.org\/#organization"},"potentialAction":[{"@type":"SearchAction","target":{"@type":"EntryPoint","urlTemplate":"https:\/\/mamakiya.org\/?s={search_term_string}"},"query-input":{"@type":"PropertyValueSpecification","valueRequired":true,"valueName":"search_term_string"}}],"inLanguage":"es"},{"@type":"Organization","@id":"https:\/\/mamakiya.org\/#organization","name":"MamaKiya e.V.","url":"https:\/\/mamakiya.org\/","logo":{"@type":"ImageObject","inLanguage":"es","@id":"https:\/\/mamakiya.org\/#\/schema\/logo\/image\/","url":"https:\/\/mamakiya.org\/wp-content\/uploads\/2021\/06\/logo.png","contentUrl":"https:\/\/mamakiya.org\/wp-content\/uploads\/2021\/06\/logo.png","width":1215,"height":174,"caption":"MamaKiya e.V."},"image":{"@id":"https:\/\/mamakiya.org\/#\/schema\/logo\/image\/"},"sameAs":["https:\/\/www.facebook.com\/mamakiyaeV\/","https:\/\/www.instagram.com\/mamakiyaev\/","https:\/\/www.linkedin.com\/company\/43281658\/admin\/","https:\/\/www.youtube.com\/channel\/UCZHLl5MijJG8PrcqkfuRhyw"]}]}},"_links":{"self":[{"href":"https:\/\/mamakiya.org\/es_pe\/wp-json\/wp\/v2\/pages\/20217"}],"collection":[{"href":"https:\/\/mamakiya.org\/es_pe\/wp-json\/wp\/v2\/pages"}],"about":[{"href":"https:\/\/mamakiya.org\/es_pe\/wp-json\/wp\/v2\/types\/page"}],"author":[{"embeddable":true,"href":"https:\/\/mamakiya.org\/es_pe\/wp-json\/wp\/v2\/users\/2"}],"replies":[{"embeddable":true,"href":"https:\/\/mamakiya.org\/es_pe\/wp-json\/wp\/v2\/comments?post=20217"}],"version-history":[{"count":0,"href":"https:\/\/mamakiya.org\/es_pe\/wp-json\/wp\/v2\/pages\/20217\/revisions"}],"wp:attachment":[{"href":"https:\/\/mamakiya.org\/es_pe\/wp-json\/wp\/v2\/media?parent=20217"}],"curies":[{"name":"wp","href":"https:\/\/api.w.org\/{rel}","templated":true}]}}