{"id":20188,"date":"2022-01-25T14:37:58","date_gmt":"2022-01-25T14:37:58","guid":{"rendered":"https:\/\/mamakiya.org\/?page_id=20188"},"modified":"2022-01-25T22:56:32","modified_gmt":"2022-01-25T22:56:32","slug":"datenschutzerklaerung","status":"publish","type":"page","link":"https:\/\/mamakiya.org\/es_pe\/datenschutzerklaerung\/","title":{"rendered":"Datenschutzerklaerung"},"content":{"rendered":"<div data-elementor-type=\"wp-page\" data-elementor-id=\"20188\" class=\"elementor elementor-20188\" data-elementor-post-type=\"page\">\n\t\t\t\t\t\t<section class=\"ob-is-breaking-bad elementor-section elementor-top-section elementor-element elementor-element-8cfd25a elementor-section-boxed elementor-section-height-default elementor-section-height-default\" data-id=\"8cfd25a\" data-element_type=\"section\" data-settings=\"{&quot;background_background&quot;:&quot;classic&quot;,&quot;shape_divider_bottom&quot;:&quot;waves&quot;,&quot;shape_divider_bottom_negative&quot;:&quot;yes&quot;,&quot;_ob_bbad_use_it&quot;:&quot;yes&quot;,&quot;_ob_bbad_sssic_use&quot;:&quot;no&quot;,&quot;_ob_glider_is_slider&quot;:&quot;no&quot;}\">\n\t\t\t\t\t<div class=\"elementor-shape elementor-shape-bottom\" data-negative=\"true\">\n\t\t\t<svg xmlns=\"http:\/\/www.w3.org\/2000\/svg\" viewbox=\"0 0 1000 100\" preserveaspectratio=\"none\">\n\t<path class=\"elementor-shape-fill\" d=\"M790.5,93.1c-59.3-5.3-116.8-18-192.6-50c-29.6-12.7-76.9-31-100.5-35.9c-23.6-4.9-52.6-7.8-75.5-5.3\tc-10.2,1.1-22.6,1.4-50.1,7.4c-27.2,6.3-58.2,16.6-79.4,24.7c-41.3,15.9-94.9,21.9-134,22.6C72,58.2,0,25.8,0,25.8V100h1000V65.3\tc0,0-51.5,19.4-106.2,25.7C839.5,97,814.1,95.2,790.5,93.1z\"\/>\n<\/svg>\t\t<\/div>\n\t\t\t\t\t<div class=\"elementor-container elementor-column-gap-extended\">\n\t\t\t\t\t<div class=\"elementor-column elementor-col-100 elementor-top-column elementor-element elementor-element-84ee1de\" data-id=\"84ee1de\" data-element_type=\"column\" data-settings=\"{&quot;_ob_bbad_is_stalker&quot;:&quot;no&quot;,&quot;_ob_teleporter_use&quot;:false,&quot;_ob_column_hoveranimator&quot;:&quot;no&quot;,&quot;_ob_column_has_pseudo&quot;:&quot;no&quot;}\">\n\t\t\t<div class=\"elementor-widget-wrap elementor-element-populated\">\n\t\t\t\t\t\t<div class=\"elementor-element elementor-element-fad6818 ob-harakiri-inherit ob-has-background-overlay elementor-widget elementor-widget-heading\" data-id=\"fad6818\" data-element_type=\"widget\" data-settings=\"{&quot;_ob_use_harakiri&quot;:&quot;yes&quot;,&quot;_ob_harakiri_writing_mode&quot;:&quot;inherit&quot;,&quot;_ob_harakiri_text_clip&quot;:&quot;none&quot;,&quot;_ob_perspektive_use&quot;:&quot;no&quot;,&quot;_ob_poopart_use&quot;:&quot;yes&quot;,&quot;_ob_shadough_use&quot;:&quot;no&quot;,&quot;_ob_allow_hoveranimator&quot;:&quot;no&quot;,&quot;_ob_widget_stalker_use&quot;:&quot;no&quot;}\" data-widget_type=\"heading.default\">\n\t\t\t\t<div class=\"elementor-widget-container\">\n\t\t\t<h2 class=\"elementor-heading-title elementor-size-default\">Pol\u00edtica de privacidad\nMamaKiya e. V.<\/h2>\t\t<\/div>\n\t\t\t\t<\/div>\n\t\t\t\t\t<\/div>\n\t\t<\/div>\n\t\t\t\t\t<\/div>\n\t\t<\/section>\n\t\t\t\t<section class=\"ob-is-breaking-bad elementor-section elementor-top-section elementor-element elementor-element-4e5fc98 elementor-section-boxed elementor-section-height-default elementor-section-height-default\" data-id=\"4e5fc98\" data-element_type=\"section\" data-settings=\"{&quot;_ob_bbad_use_it&quot;:&quot;yes&quot;,&quot;_ob_bbad_sssic_use&quot;:&quot;no&quot;,&quot;_ob_glider_is_slider&quot;:&quot;no&quot;}\">\n\t\t\t\t\t\t<div class=\"elementor-container elementor-column-gap-default\">\n\t\t\t\t\t<div class=\"elementor-column elementor-col-100 elementor-top-column elementor-element elementor-element-d00299d\" data-id=\"d00299d\" data-element_type=\"column\" data-settings=\"{&quot;_ob_bbad_is_stalker&quot;:&quot;no&quot;,&quot;_ob_teleporter_use&quot;:false,&quot;_ob_column_hoveranimator&quot;:&quot;no&quot;,&quot;_ob_column_has_pseudo&quot;:&quot;no&quot;}\">\n\t\t\t<div class=\"elementor-widget-wrap elementor-element-populated\">\n\t\t\t\t\t\t<div class=\"elementor-element elementor-element-e780d54 ob-harakiri-inherit ob-has-background-overlay elementor-widget elementor-widget-text-editor\" data-id=\"e780d54\" data-element_type=\"widget\" data-settings=\"{&quot;_ob_use_harakiri&quot;:&quot;yes&quot;,&quot;_ob_harakiri_writing_mode&quot;:&quot;inherit&quot;,&quot;_ob_postman_use&quot;:&quot;no&quot;,&quot;_ob_perspektive_use&quot;:&quot;no&quot;,&quot;_ob_poopart_use&quot;:&quot;yes&quot;,&quot;_ob_shadough_use&quot;:&quot;no&quot;,&quot;_ob_allow_hoveranimator&quot;:&quot;no&quot;,&quot;_ob_widget_stalker_use&quot;:&quot;no&quot;}\" data-widget_type=\"text-editor.default\">\n\t\t\t\t<div class=\"elementor-widget-container\">\n\t\t\t\t\t\t\t<p>Gracias por visitar nuestra p\u00e1gina web y por su inter\u00e9s en las actividades de MamaKiya. Cuando usted visita nuestro sitio web, procesamos datos sobre usted. Dado que la protecci\u00f3n de sus datos personales es importante para nosotros, nos gustar\u00eda informarle a continuaci\u00f3n sobre c\u00f3mo garantizamos la protecci\u00f3n de sus datos. Cumplimos los requisitos de protecci\u00f3n de datos del Reglamento Europeo de Protecci\u00f3n de Datos. En detalle:<\/p><h2>Recogida y tratamiento de datos personales<\/h2><p>La recogida de datos personales en este sitio web se basa en su consentimiento voluntario. Si desea utilizar las ofertas de servicios de nuestro sitio web -por ejemplo, para pedir materiales, registrarse para recibir boletines informativos o solicitar informaci\u00f3n-, utilizaremos los datos que nos haya transmitido exclusivamente para tramitar la consulta que haya realizado y los eliminaremos una vez que hayan expirado las obligaciones legales de conservaci\u00f3n.<\/p><p>Usted puede retirar su consentimiento en cualquier momento sin necesidad de dar razones. Para ello, p\u00f3ngase en contacto con nosotros por correo electr\u00f3nico (info@mamakiya.org) o dir\u00edjase a la oficina de MamaKiya, Koblenzer Str. 11, Tel.: 01786685109.<\/p><h2>Protecci\u00f3n de sus datos personales al donar en l\u00ednea<\/h2><p>Cuando dona en l\u00ednea, sus datos se transmiten encriptados utilizando las \u00faltimas tecnolog\u00edas. Estos proveedores de servicios est\u00e1n obligados contractualmente por MamaKiya a cumplir con la protecci\u00f3n de datos y s\u00f3lo est\u00e1n autorizados a utilizar los datos personales para el prop\u00f3sito permitido de procesar adecuadamente su donaci\u00f3n.<\/p><p>Para poder procesar su donaci\u00f3n, necesitamos su nombre y direcci\u00f3n, as\u00ed como algunos datos obligatorios para el cobro por banco o tarjeta de cr\u00e9dito. Una vez que haya introducido sus datos en el formulario de donaci\u00f3n y lo haya enviado, recibir\u00e1 una notificaci\u00f3n por correo electr\u00f3nico de que su donaci\u00f3n ha sido recogida<\/p><p>Cookies<\/p><p>Utilizamos cookies de algunos servicios para analizar el uso de nuestras ofertas digitales y mejorarlas continuamente para usted, as\u00ed como para evaluar los anuncios digitales. Le pedimos su consentimiento para utilizar cookies en nuestro sitio web. Siempre puede cambiar o revocar su consentimiento. Puede evitar la instalaci\u00f3n de cookies configurando su navegador en consecuencia. Esto puede significar que no puede hacer uso de todas las ofertas.<\/p><p>Una vez que se han instalado las cookies, usted mismo puede eliminarlas en cualquier momento llamando a la opci\u00f3n de men\u00fa correspondiente en su navegador de Internet o borrando las cookies de su disco duro. Puede encontrar detalles al respecto en el men\u00fa de ayuda de su navegador de Internet.<\/p><h2>Transmisi\u00f3n de los datos<\/h2><p>Por principio, no transmitimos sus datos personales a terceros, con fines comerciales o no comerciales, sin su consentimiento expreso. S\u00f3lo transmitimos sus datos personales a terceros si est\u00e1 legalmente permitido y\/o es necesario.<br \/>En algunos casos, recurrimos a proveedores de servicios para el tratamiento de datos encargado por la ley. La responsabilidad total del tratamiento de los datos sigue siendo nuestra.<\/p><p>Adem\u00e1s, utilizamos parcialmente plugins de otros proveedores en nuestro sitio web:<\/p><p>Google Tag Manager<\/p><p>Se trata de un sistema de gesti\u00f3n de etiquetas para la implementaci\u00f3n de herramientas de seguimiento y an\u00e1lisis de Google Ireland Limited, Google Building Gordon House, 4 Barrow St, Dubl\u00edn, D04 E5W5, Irlanda.<br \/>El Tag Manager no recoge ning\u00fan dato personal, pero activa etiquetas que pueden recoger y procesar datos personales. As\u00ed, en nuestro sitio web, integramos Google Analytics y Google Remarketing.<\/p><h3>An\u00e1lisis web con Google Analytics<\/h3><p>Este sitio web utiliza Google Analytics, un servicio de an\u00e1lisis web proporcionado por Google, Inc. (\"Google\"). Le pedimos su consentimiento para utilizar cookies en nuestro sitio web. Usted puede cambiar o revocar su consentimiento m\u00e1s adelante.<\/p><p>Google Analytics utiliza las llamadas \"cookies\", que permiten analizar el uso del sitio web. La informaci\u00f3n generada por la cookie acerca de su uso del sitio web (incluyendo su direcci\u00f3n IP acortada) ser\u00e1 transmitida y almacenada por Google en servidores en los Estados Unidos. Google utilizar\u00e1 esta informaci\u00f3n con el fin de evaluar su uso del sitio web, recopilando informes sobre la actividad del sitio web para los operadores del mismo y prestando otros servicios relacionados con la actividad del sitio web y el uso de Internet. Google tambi\u00e9n podr\u00e1 transferir esta informaci\u00f3n a terceros cuando as\u00ed lo exija la ley o cuando dichos terceros procesen la informaci\u00f3n en nombre de Google. Google no asociar\u00e1 su direcci\u00f3n IP con ning\u00fan otro dato que posea.<br \/>Puede oponerse al uso de sus datos por parte de Google Analytics instalando un complemento en su navegador. Para ello, puede seguir el siguiente enlace, que le llevar\u00e1 a la p\u00e1gina de Google:\u00a0<a href=\"https:\/\/tools.google.com\/dlpage\/gaoptout?hl=de\">Deaktivierungs-Add-on f\u00fcr Browser von Google Analytics<\/a><\/p><h3>Google Remarketing<\/h3><p>Este sitio web utiliza el servicio web \"Google Remarketing\" de Google LLC con el fin de mostrar los anuncios que colocamos en la red publicitaria de Google como parte del proceso de marketing online \"Google Ads\" s\u00f3lo a los usuarios que tambi\u00e9n han mostrado inter\u00e9s en nuestra oferta online o que tienen ciertas caracter\u00edsticas, por ejemplo, intereses en determinados temas o productos.<br \/>El sitio web utiliza etiquetas de (re)comercializaci\u00f3n que crean un archivo (cookie) en el dispositivo final del usuario, que contiene informaci\u00f3n sobre los sitios web que el usuario ha visitado, el contenido en el que est\u00e1 interesado, las ofertas en las que ya ha hecho clic, el navegador y el sistema operativo utilizados, los sitios web de referencia, la hora de la visita y el uso de las ofertas en l\u00ednea. Estos datos se procesan de forma seud\u00f3nima dentro de la red publicitaria de Google, es decir, sin datos personales como nombres o direcciones de correo electr\u00f3nico.<\/p><p>Le pedimos su consentimiento para utilizar cookies en nuestro sitio web. Puedes cambiar o revocar tu consentimiento m\u00e1s tarde a trav\u00e9s del \"icono de la huella digital\". Si no desea utilizar Google Remarketing, puede desactivar la funci\u00f3n aqu\u00ed o en\u00a0<a href=\"http:\/\/www.google.com\/settings\/ads\">www.google.com\/settings\/ads<\/a>\u00a0desactivar. Puede encontrar m\u00e1s informaci\u00f3n sobre el uso de datos por parte de Google en\u00a0<a href=\"https:\/\/policies.google.com\/technologies\/ads\">policies.google.com\/technologies\/ads<\/a>\u00a0y\u00a0<a href=\"https:\/\/adssettings.google.com\/authenticated\">adssettings.google.com\/authenticated<\/a><\/p><h3>Registro \/ archivos de registro del servidor<\/h3><p>Nuestro sitio web est\u00e1 alojado en STRATO AC en la calle Pascalstra\u00dfe 10<br \/>10587 Berl\u00edn, que est\u00e1 obligada contractualmente por MamaKiya a cumplir con la protecci\u00f3n de datos.<br \/>Cada vez que se accede a nuestro sitio web, el servidor web registra<\/p><ul><li>Fecha y hora de la solicitud del servido<\/li><li>Tipo y versi\u00f3n del navegador<\/li><li>Sistema operacional<\/li><li>Direcci\u00f3n IP de forma an\u00f3nima para determinar el pa\u00eds de origen y el proveedor<\/li><\/ul><p>Los datos recogidos de esta manera de los archivos de registro del servidor son procesados por nosotros sobre la base de nuestro inter\u00e9s leg\u00edtimo para los siguientes fines:<\/p><ul><li>Garantizar una conexi\u00f3n fluida de la presencia en Internet,<\/li><li>Garantizar un uso c\u00f3modo de nuestra presencia en Internet<\/li><li>Evaluaci\u00f3n de la seguridad y estabilidad del sistema, as\u00ed como para otros fines administrativos.<\/li><\/ul><p>Nos reservamos el derecho a comprobar posteriormente los archivos de registro del servidor si tenemos conocimiento de indicios concretos de uso ilegal. Los datos se eliminar\u00e1n, como m\u00e1ximo, al cabo de 14 d\u00edas.<\/p><h3>Facebook<\/h3><p>El contenido de Facebook se a\u00f1ade a nuestro sitio web a trav\u00e9s de interfaces (API) (Facebook Inc., 1601 S. California Ave, Palo Alto, CA 94304, USA). Cuando usted accede a la p\u00e1gina correspondiente de nuestro sitio web, Facebook es informado de cu\u00e1l de nuestras p\u00e1ginas de Internet ha visitado con su direcci\u00f3n IP. Si est\u00e1s conectado como miembro de Facebook, se asignar\u00e1 a tu cuenta personal de usuario de Facebook. Al utilizar las funciones del complemento (por ejemplo, al hacer clic en el bot\u00f3n \"Me gusta\"), esta informaci\u00f3n tambi\u00e9n se asigna a su cuenta de Facebook, lo que puede evitar cerrando la sesi\u00f3n antes de utilizar el complemento.<\/p><h3>Plugins sociales de Facebook , Google+, Instagram.<\/h3><p>En nuestro sitio web se utilizan plugins sociales (\"plugins\") de redes sociales. Para aumentar la protecci\u00f3n de sus datos al visitar nuestro sitio web, los plugins no se integran en la p\u00e1gina sin restricciones, sino s\u00f3lo mediante un enlace HTML (la llamada \"soluci\u00f3n Shariff\" de c't). Esta integraci\u00f3n garantiza que cuando usted accede a una p\u00e1gina de nuestro sitio web que contiene dichos plugins, no se establece ninguna conexi\u00f3n con los servidores del proveedor de la red social correspondiente. Si hace clic en uno de los botones, se abrir\u00e1 una nueva ventana de su navegador y llamar\u00e1 a la p\u00e1gina del respectivo proveedor de servicios en la que podr\u00e1 (si es necesario, tras introducir sus datos de acceso), por ejemplo, pulsar el bot\u00f3n \"Me gusta\" o \"Compartir\".<br \/>La finalidad y el alcance de la recopilaci\u00f3n de datos y el posterior procesamiento y uso de los datos por parte de los proveedores en sus p\u00e1ginas, as\u00ed como sus derechos a este respecto y las opciones de configuraci\u00f3n para proteger su privacidad se pueden encontrar en la informaci\u00f3n sobre protecci\u00f3n de datos de los proveedores:<\/p><p><a href=\"http:\/\/www.facebook.com\/policy.php\">www.facebook.com\/policy<\/a><\/p><p><a href=\"http:\/\/www.google.com\/intl\/de\/+\/policy\/+1button.html\">www.google.com\/intl\/de\/+\/policy\/+1button.html<\/a><\/p><h3><strong>YouTube<\/strong><\/h3><p>Nuestro sitio web utiliza plugins del sitio YouTube operado por Google. El operador de las p\u00e1ginas es YouTube, LLC, 901 Cherry Ave, San Bruno, CA 94066, USA. Cuando usted visita una de nuestras p\u00e1ginas equipadas con un plugin de YouTube, se establece una conexi\u00f3n con los servidores de YouTube. Esto le dice al servidor de YouTube cu\u00e1l de nuestras p\u00e1ginas ha visitado. Si est\u00e1 conectado a su cuenta de YouTube, permite que YouTube asigne su comportamiento de navegaci\u00f3n directamente a su perfil personal. Puedes evitarlo cerrando la sesi\u00f3n de tu cuenta de YouTube. Puede encontrar m\u00e1s informaci\u00f3n sobre el tratamiento de los datos de los usuarios en el\u00a0<a href=\"https:\/\/www.google.de\/intl\/de\/policies\/privacy\">Pol\u00edtica de privacidad de YouTube<\/a><\/p><h2><strong>Aviso de protecci\u00f3n de datos para nuestros boletines electr\u00f3nicos<\/strong><\/h2><p>Recogemos, procesamos y almacenamos su direcci\u00f3n de correo electr\u00f3nico despu\u00e9s de confirmar su registro exclusivamente para la transmisi\u00f3n de nuestros boletines de noticias por correo electr\u00f3nico. Puede oponerse a ello en cualquier momento: por correo electr\u00f3nico, a trav\u00e9s de nuestras personas de contacto en este sitio web o en la oficina de MamaKiya, Koblenzer Str 11, 51968 Colonia. Sus datos ser\u00e1n eliminados de nuestro sistema de boletines en el plazo de un mes tras la finalizaci\u00f3n de su suscripci\u00f3n al bolet\u00edn.<\/p><h2>Responsabilidad por el contenido propio<\/h2><p>El contenido de estas p\u00e1ginas se ha creado con el m\u00e1ximo cuidado. Sin embargo, no podemos garantizar la exactitud, integridad y actualizaci\u00f3n de los contenidos. Como proveedor de servicios, somos responsables de nuestro propio contenido en estas p\u00e1ginas de acuerdo con las leyes generales.<\/p><h2>Responsabilidad de los enlaces (contenidos de proveedores externos)<\/h2><p>Hay que distinguir entre los contenidos propios y las referencias cruzadas (\"enlaces\") a contenidos proporcionados por otros proveedores. No tenemos ninguna influencia sobre su contenido; el proveedor u operador de las p\u00e1ginas es siempre responsable del contenido de las p\u00e1ginas enlazadas.<\/p><h2>Cambio en nuestra pol\u00edtica de privacidad<\/h2><p>Nos reservamos el derecho a modificar esta declaraci\u00f3n de protecci\u00f3n de datos de vez en cuando para que siempre cumpla con los requisitos legales vigentes o para aplicar cambios en nuestros servicios en la declaraci\u00f3n de protecci\u00f3n de datos, por ejemplo al introducir nuevos servicios. La nueva declaraci\u00f3n de protecci\u00f3n de datos se aplicar\u00e1 entonces a su pr\u00f3xima visita.<\/p><h2>Derecho de informaci\u00f3n y objeci\u00f3n<\/h2><p>Como usuario, le proporcionaremos informaci\u00f3n gratuita en cualquier momento sobre los datos que hemos recopilado de usted y con qu\u00e9 finalidad. Si est\u00e1s interesado, ponte en contacto con la direcci\u00f3n que aparece a continuaci\u00f3n o con la oficina de MamaKiya, Koblenzer Str.11, 50968 Colonia. Para recibir informaci\u00f3n, debe identificarse como la persona sobre la que se va a proporcionar informaci\u00f3n o demostrar que tiene derecho a recibir informaci\u00f3n sobre un tercero.<\/p><p>Puede oponerse al uso de sus datos personales en cualquier momento notific\u00e1ndolo a la direcci\u00f3n de contacto que figura m\u00e1s abajo o en la oficina de MamaKiya, Koblenzer Str.11, 50968 Colonia. Al bloquear sus datos, nos aseguramos de que no reciba m\u00e1s informaci\u00f3n u otras comunicaciones de MamaKiya. Sin embargo, tenga en cuenta que la supresi\u00f3n de los datos s\u00f3lo puede llevarse a cabo despu\u00e9s de que hayan expirado los per\u00edodos de conservaci\u00f3n legales o contractuales.<\/p><h2>Organismo responsable<\/h2><p>El organismo responsable en t\u00e9rminos de la ley de protecci\u00f3n de datos es la direcci\u00f3n de MamaKiya e.V., Koblenzer Str. 11, 50968 Colonia (Tel.:01786685109; e-mail: info@mamakiya.org).<\/p><h2>Preguntas<\/h2><p>Como sujeto de los datos, puede ponerse en contacto con el responsable de la protecci\u00f3n de datos de la empresa para plantear preguntas, informaci\u00f3n o quejas sobre sus datos personales. El responsable de la protecci\u00f3n de datos est\u00e1 obligado a mantener el secreto sobre la identidad del interesado y sobre las circunstancias que permiten sacar conclusiones sobre el mismo, a menos que el interesado le exima de esta obligaci\u00f3n.<\/p><p>Direcci\u00f3n de contacto del responsable de la protecci\u00f3n de datos de la empresa:<br \/>Amanda Luna<br \/>Koblenzer Str. 11<br \/>510968 K\u00f6ln<br \/>Tel.: 01786685109<br \/>E-Mail: info[at]mamakiya.org<\/p>\t\t\t\t\t\t<\/div>\n\t\t\t\t<\/div>\n\t\t\t\t\t<\/div>\n\t\t<\/div>\n\t\t\t\t\t<\/div>\n\t\t<\/section>\n\t\t\t\t<\/div>","protected":false},"excerpt":{"rendered":"<p>Datenschutzerkl\u00e4rung MamaKiya e. V. Wir freuen uns \u00fcber Ihren Besuch auf unserer Webseite und Ihr Interesse an der T\u00e4tigkeit von MamaKiya. Wenn Sie unsere Webseite besuchen, verarbeiten wir Daten von [&hellip;]<\/p>","protected":false},"author":2,"featured_media":0,"parent":0,"menu_order":0,"comment_status":"closed","ping_status":"closed","template":"elementor_header_footer","meta":{"_acf_changed":false,"footnotes":""},"acf":[],"yoast_head":"<!-- This site is optimized with the Yoast SEO plugin v23.5 - https:\/\/yoast.com\/wordpress\/plugins\/seo\/ -->\n<title>Datenschutzerklaerung - mamakiya<\/title>\n<meta name=\"robots\" content=\"noindex, nofollow\" \/>\n<meta property=\"og:locale\" content=\"es_ES\" \/>\n<meta property=\"og:type\" content=\"article\" \/>\n<meta property=\"og:title\" content=\"Datenschutzerklaerung - mamakiya\" \/>\n<meta property=\"og:description\" content=\"Datenschutzerkl\u00e4rung MamaKiya e. V. Wir freuen uns \u00fcber Ihren Besuch auf unserer Webseite und Ihr Interesse an der T\u00e4tigkeit von MamaKiya. Wenn Sie unsere Webseite besuchen, verarbeiten wir Daten von [&hellip;]\" \/>\n<meta property=\"og:url\" content=\"https:\/\/mamakiya.org\/es_pe\/datenschutzerklaerung\/\" \/>\n<meta property=\"og:site_name\" content=\"mamakiya\" \/>\n<meta property=\"article:publisher\" content=\"https:\/\/www.facebook.com\/mamakiyaeV\/\" \/>\n<meta property=\"article:modified_time\" content=\"2022-01-25T22:56:32+00:00\" \/>\n<meta name=\"twitter:card\" content=\"summary_large_image\" \/>\n<meta name=\"twitter:label1\" content=\"Est. reading time\" \/>\n\t<meta name=\"twitter:data1\" content=\"8 minutos\" \/>\n<script type=\"application\/ld+json\" class=\"yoast-schema-graph\">{\"@context\":\"https:\/\/schema.org\",\"@graph\":[{\"@type\":\"WebPage\",\"@id\":\"https:\/\/mamakiya.org\/datenschutzerklaerung\/\",\"url\":\"https:\/\/mamakiya.org\/datenschutzerklaerung\/\",\"name\":\"Datenschutzerklaerung - mamakiya\",\"isPartOf\":{\"@id\":\"https:\/\/mamakiya.org\/#website\"},\"datePublished\":\"2022-01-25T14:37:58+00:00\",\"dateModified\":\"2022-01-25T22:56:32+00:00\",\"inLanguage\":\"es\",\"potentialAction\":[{\"@type\":\"ReadAction\",\"target\":[\"https:\/\/mamakiya.org\/datenschutzerklaerung\/\"]}]},{\"@type\":\"WebSite\",\"@id\":\"https:\/\/mamakiya.org\/#website\",\"url\":\"https:\/\/mamakiya.org\/\",\"name\":\"mamakiya\",\"description\":\"Einheit in der Vielfalt\",\"publisher\":{\"@id\":\"https:\/\/mamakiya.org\/#organization\"},\"potentialAction\":[{\"@type\":\"SearchAction\",\"target\":{\"@type\":\"EntryPoint\",\"urlTemplate\":\"https:\/\/mamakiya.org\/?s={search_term_string}\"},\"query-input\":{\"@type\":\"PropertyValueSpecification\",\"valueRequired\":true,\"valueName\":\"search_term_string\"}}],\"inLanguage\":\"es\"},{\"@type\":\"Organization\",\"@id\":\"https:\/\/mamakiya.org\/#organization\",\"name\":\"MamaKiya e.V.\",\"url\":\"https:\/\/mamakiya.org\/\",\"logo\":{\"@type\":\"ImageObject\",\"inLanguage\":\"es\",\"@id\":\"https:\/\/mamakiya.org\/#\/schema\/logo\/image\/\",\"url\":\"https:\/\/mamakiya.org\/wp-content\/uploads\/2021\/06\/logo.png\",\"contentUrl\":\"https:\/\/mamakiya.org\/wp-content\/uploads\/2021\/06\/logo.png\",\"width\":1215,\"height\":174,\"caption\":\"MamaKiya e.V.\"},\"image\":{\"@id\":\"https:\/\/mamakiya.org\/#\/schema\/logo\/image\/\"},\"sameAs\":[\"https:\/\/www.facebook.com\/mamakiyaeV\/\",\"https:\/\/www.instagram.com\/mamakiyaev\/\",\"https:\/\/www.linkedin.com\/company\/43281658\/admin\/\",\"https:\/\/www.youtube.com\/channel\/UCZHLl5MijJG8PrcqkfuRhyw\"]}]}<\/script>\n<!-- \/ Yoast SEO plugin. -->","yoast_head_json":{"title":"Datenschutzerklaerung - mamakiya","robots":{"index":"noindex","follow":"nofollow"},"og_locale":"es_ES","og_type":"article","og_title":"Datenschutzerklaerung - mamakiya","og_description":"Datenschutzerkl\u00e4rung MamaKiya e. V. Wir freuen uns \u00fcber Ihren Besuch auf unserer Webseite und Ihr Interesse an der T\u00e4tigkeit von MamaKiya. Wenn Sie unsere Webseite besuchen, verarbeiten wir Daten von [&hellip;]","og_url":"https:\/\/mamakiya.org\/es_pe\/datenschutzerklaerung\/","og_site_name":"mamakiya","article_publisher":"https:\/\/www.facebook.com\/mamakiyaeV\/","article_modified_time":"2022-01-25T22:56:32+00:00","twitter_card":"summary_large_image","twitter_misc":{"Est. reading time":"8 minutos"},"schema":{"@context":"https:\/\/schema.org","@graph":[{"@type":"WebPage","@id":"https:\/\/mamakiya.org\/datenschutzerklaerung\/","url":"https:\/\/mamakiya.org\/datenschutzerklaerung\/","name":"Datenschutzerklaerung - mamakiya","isPartOf":{"@id":"https:\/\/mamakiya.org\/#website"},"datePublished":"2022-01-25T14:37:58+00:00","dateModified":"2022-01-25T22:56:32+00:00","inLanguage":"es","potentialAction":[{"@type":"ReadAction","target":["https:\/\/mamakiya.org\/datenschutzerklaerung\/"]}]},{"@type":"WebSite","@id":"https:\/\/mamakiya.org\/#website","url":"https:\/\/mamakiya.org\/","name":"mamakiya","description":"Einheit in der Vielfalt","publisher":{"@id":"https:\/\/mamakiya.org\/#organization"},"potentialAction":[{"@type":"SearchAction","target":{"@type":"EntryPoint","urlTemplate":"https:\/\/mamakiya.org\/?s={search_term_string}"},"query-input":{"@type":"PropertyValueSpecification","valueRequired":true,"valueName":"search_term_string"}}],"inLanguage":"es"},{"@type":"Organization","@id":"https:\/\/mamakiya.org\/#organization","name":"MamaKiya e.V.","url":"https:\/\/mamakiya.org\/","logo":{"@type":"ImageObject","inLanguage":"es","@id":"https:\/\/mamakiya.org\/#\/schema\/logo\/image\/","url":"https:\/\/mamakiya.org\/wp-content\/uploads\/2021\/06\/logo.png","contentUrl":"https:\/\/mamakiya.org\/wp-content\/uploads\/2021\/06\/logo.png","width":1215,"height":174,"caption":"MamaKiya e.V."},"image":{"@id":"https:\/\/mamakiya.org\/#\/schema\/logo\/image\/"},"sameAs":["https:\/\/www.facebook.com\/mamakiyaeV\/","https:\/\/www.instagram.com\/mamakiyaev\/","https:\/\/www.linkedin.com\/company\/43281658\/admin\/","https:\/\/www.youtube.com\/channel\/UCZHLl5MijJG8PrcqkfuRhyw"]}]}},"_links":{"self":[{"href":"https:\/\/mamakiya.org\/es_pe\/wp-json\/wp\/v2\/pages\/20188"}],"collection":[{"href":"https:\/\/mamakiya.org\/es_pe\/wp-json\/wp\/v2\/pages"}],"about":[{"href":"https:\/\/mamakiya.org\/es_pe\/wp-json\/wp\/v2\/types\/page"}],"author":[{"embeddable":true,"href":"https:\/\/mamakiya.org\/es_pe\/wp-json\/wp\/v2\/users\/2"}],"replies":[{"embeddable":true,"href":"https:\/\/mamakiya.org\/es_pe\/wp-json\/wp\/v2\/comments?post=20188"}],"version-history":[{"count":0,"href":"https:\/\/mamakiya.org\/es_pe\/wp-json\/wp\/v2\/pages\/20188\/revisions"}],"wp:attachment":[{"href":"https:\/\/mamakiya.org\/es_pe\/wp-json\/wp\/v2\/media?parent=20188"}],"curies":[{"name":"wp","href":"https:\/\/api.w.org\/{rel}","templated":true}]}}