{"id":18217,"date":"2022-01-20T13:06:12","date_gmt":"2022-01-20T13:06:12","guid":{"rendered":"https:\/\/shaki.kittybazar.com\/?page_id=18217"},"modified":"2022-05-04T14:47:18","modified_gmt":"2022-05-04T14:47:18","slug":"eventss","status":"publish","type":"page","link":"https:\/\/mamakiya.org\/es_pe\/eventss\/","title":{"rendered":"Eventos"},"content":{"rendered":"<div data-elementor-type=\"wp-page\" data-elementor-id=\"18217\" class=\"elementor elementor-18217\" data-elementor-post-type=\"page\">\n\t\t\t\t\t\t<section class=\"ob-is-breaking-bad elementor-section elementor-top-section elementor-element elementor-element-038d108 elementor-section-boxed elementor-section-height-default elementor-section-height-default\" data-id=\"038d108\" data-element_type=\"section\" data-settings=\"{&quot;background_background&quot;:&quot;classic&quot;,&quot;shape_divider_bottom&quot;:&quot;waves&quot;,&quot;shape_divider_bottom_negative&quot;:&quot;yes&quot;,&quot;_ob_bbad_use_it&quot;:&quot;yes&quot;,&quot;_ob_bbad_sssic_use&quot;:&quot;no&quot;,&quot;_ob_glider_is_slider&quot;:&quot;no&quot;}\">\n\t\t\t\t\t<div class=\"elementor-shape elementor-shape-bottom\" data-negative=\"true\">\n\t\t\t<svg xmlns=\"http:\/\/www.w3.org\/2000\/svg\" viewbox=\"0 0 1000 100\" preserveaspectratio=\"none\">\n\t<path class=\"elementor-shape-fill\" d=\"M790.5,93.1c-59.3-5.3-116.8-18-192.6-50c-29.6-12.7-76.9-31-100.5-35.9c-23.6-4.9-52.6-7.8-75.5-5.3\tc-10.2,1.1-22.6,1.4-50.1,7.4c-27.2,6.3-58.2,16.6-79.4,24.7c-41.3,15.9-94.9,21.9-134,22.6C72,58.2,0,25.8,0,25.8V100h1000V65.3\tc0,0-51.5,19.4-106.2,25.7C839.5,97,814.1,95.2,790.5,93.1z\"\/>\n<\/svg>\t\t<\/div>\n\t\t\t\t\t<div class=\"elementor-container elementor-column-gap-extended\">\n\t\t\t\t\t<div class=\"elementor-column elementor-col-100 elementor-top-column elementor-element elementor-element-0c5b883\" data-id=\"0c5b883\" data-element_type=\"column\" data-settings=\"{&quot;_ob_bbad_is_stalker&quot;:&quot;no&quot;,&quot;_ob_teleporter_use&quot;:false,&quot;_ob_column_hoveranimator&quot;:&quot;no&quot;,&quot;_ob_column_has_pseudo&quot;:&quot;no&quot;}\">\n\t\t\t<div class=\"elementor-widget-wrap elementor-element-populated\">\n\t\t\t\t\t\t<div class=\"elementor-element elementor-element-782d5ae ob-harakiri-inherit ob-has-background-overlay elementor-widget elementor-widget-heading\" data-id=\"782d5ae\" data-element_type=\"widget\" data-settings=\"{&quot;_ob_use_harakiri&quot;:&quot;yes&quot;,&quot;_ob_harakiri_writing_mode&quot;:&quot;inherit&quot;,&quot;_ob_harakiri_text_clip&quot;:&quot;none&quot;,&quot;_ob_perspektive_use&quot;:&quot;no&quot;,&quot;_ob_poopart_use&quot;:&quot;yes&quot;,&quot;_ob_shadough_use&quot;:&quot;no&quot;,&quot;_ob_allow_hoveranimator&quot;:&quot;no&quot;,&quot;_ob_widget_stalker_use&quot;:&quot;no&quot;}\" data-widget_type=\"heading.default\">\n\t\t\t\t<div class=\"elementor-widget-container\">\n\t\t\t<h1 class=\"elementor-heading-title elementor-size-default\">Eventos<\/h1>\t\t<\/div>\n\t\t\t\t<\/div>\n\t\t\t\t\t<\/div>\n\t\t<\/div>\n\t\t\t\t\t<\/div>\n\t\t<\/section>\n\t\t\t\t<section class=\"elementor-section elementor-top-section elementor-element elementor-element-c9bf40d elementor-section-boxed elementor-section-height-default elementor-section-height-default\" data-id=\"c9bf40d\" data-element_type=\"section\" data-settings=\"{&quot;background_background&quot;:&quot;gradient&quot;}\">\n\t\t\t\t\t\t\t<div class=\"elementor-background-overlay\"><\/div>\n\t\t\t\t\t\t\t<div class=\"elementor-container elementor-column-gap-default\">\n\t\t\t\t\t<div class=\"elementor-column elementor-col-100 elementor-top-column elementor-element elementor-element-3357c28\" data-id=\"3357c28\" data-element_type=\"column\" data-settings=\"{&quot;_ob_bbad_is_stalker&quot;:&quot;no&quot;,&quot;_ob_teleporter_use&quot;:false,&quot;_ob_column_hoveranimator&quot;:&quot;no&quot;,&quot;_ob_column_has_pseudo&quot;:&quot;no&quot;}\">\n\t\t\t<div class=\"elementor-widget-wrap elementor-element-populated\">\n\t\t\t\t\t\t\t<\/div>\n\t\t<\/div>\n\t\t\t\t\t<\/div>\n\t\t<\/section>\n\t\t\t\t<\/div>","protected":false},"excerpt":{"rendered":"<p>Ern\u00e4hrungssicherheit und Kindergerechtigkeit in Lateinamerika March 31 @ 3:00 pm &#8211; 6:00 pm Obwohl Lateinamerika gen\u00fcgend Nahrungsmittel produziert, um den N\u00e4hrstoffbedarf seiner Bev\u00f6lkerung zu decken, leiden mehr als 8,8 Millionen [&hellip;]<\/p>","protected":false},"author":2,"featured_media":20550,"parent":0,"menu_order":0,"comment_status":"closed","ping_status":"closed","template":"elementor_header_footer","meta":{"_acf_changed":false,"footnotes":""},"acf":[],"yoast_head":"<!-- This site is optimized with the Yoast SEO plugin v23.5 - https:\/\/yoast.com\/wordpress\/plugins\/seo\/ -->\n<title>Events MamaKiya e.V.<\/title>\n<meta name=\"description\" content=\"Events MamaKiya e.V.: Wir organisieren Veranstaltungen in Kooperation mit Lateinamerika\" \/>\n<meta name=\"robots\" content=\"index, follow, max-snippet:-1, max-image-preview:large, max-video-preview:-1\" \/>\n<link rel=\"canonical\" href=\"https:\/\/mamakiya.org\/es_pe\/eventss\/\" \/>\n<meta property=\"og:locale\" content=\"es_ES\" \/>\n<meta property=\"og:type\" content=\"article\" \/>\n<meta property=\"og:title\" content=\"Events MamaKiya e.V.\" \/>\n<meta property=\"og:description\" content=\"Events MamaKiya e.V.: Wir organisieren Veranstaltungen in Kooperation mit Lateinamerika\" \/>\n<meta property=\"og:url\" content=\"https:\/\/mamakiya.org\/es_pe\/eventss\/\" \/>\n<meta property=\"og:site_name\" content=\"mamakiya\" \/>\n<meta property=\"article:publisher\" content=\"https:\/\/www.facebook.com\/mamakiyaeV\/\" \/>\n<meta property=\"article:modified_time\" content=\"2022-05-04T14:47:18+00:00\" \/>\n<meta property=\"og:image\" content=\"https:\/\/mamakiya.org\/wp-content\/uploads\/2022\/01\/Bildschirmfoto-2022-01-27-um-22.08.46.png\" \/>\n\t<meta property=\"og:image:width\" content=\"1298\" \/>\n\t<meta property=\"og:image:height\" content=\"677\" \/>\n\t<meta property=\"og:image:type\" content=\"image\/png\" \/>\n<meta name=\"twitter:card\" content=\"summary_large_image\" \/>\n<meta name=\"twitter:label1\" content=\"Est. reading time\" \/>\n\t<meta name=\"twitter:data1\" content=\"3 minutos\" \/>\n<script type=\"application\/ld+json\" class=\"yoast-schema-graph\">{\"@context\":\"https:\/\/schema.org\",\"@graph\":[{\"@type\":\"WebPage\",\"@id\":\"https:\/\/mamakiya.org\/eventss\/\",\"url\":\"https:\/\/mamakiya.org\/eventss\/\",\"name\":\"Events MamaKiya e.V.\",\"isPartOf\":{\"@id\":\"https:\/\/mamakiya.org\/#website\"},\"primaryImageOfPage\":{\"@id\":\"https:\/\/mamakiya.org\/eventss\/#primaryimage\"},\"image\":{\"@id\":\"https:\/\/mamakiya.org\/eventss\/#primaryimage\"},\"thumbnailUrl\":\"https:\/\/mamakiya.org\/wp-content\/uploads\/2022\/01\/Bildschirmfoto-2022-01-27-um-22.08.46.png\",\"datePublished\":\"2022-01-20T13:06:12+00:00\",\"dateModified\":\"2022-05-04T14:47:18+00:00\",\"description\":\"Events MamaKiya e.V.: Wir organisieren Veranstaltungen in Kooperation mit Lateinamerika\",\"inLanguage\":\"es\",\"potentialAction\":[{\"@type\":\"ReadAction\",\"target\":[\"https:\/\/mamakiya.org\/eventss\/\"]}]},{\"@type\":\"ImageObject\",\"inLanguage\":\"es\",\"@id\":\"https:\/\/mamakiya.org\/eventss\/#primaryimage\",\"url\":\"https:\/\/mamakiya.org\/wp-content\/uploads\/2022\/01\/Bildschirmfoto-2022-01-27-um-22.08.46.png\",\"contentUrl\":\"https:\/\/mamakiya.org\/wp-content\/uploads\/2022\/01\/Bildschirmfoto-2022-01-27-um-22.08.46.png\",\"width\":1298,\"height\":677,\"caption\":\"Mamakiya - Einheit in der Viefalt\"},{\"@type\":\"WebSite\",\"@id\":\"https:\/\/mamakiya.org\/#website\",\"url\":\"https:\/\/mamakiya.org\/\",\"name\":\"mamakiya\",\"description\":\"Einheit in der Vielfalt\",\"publisher\":{\"@id\":\"https:\/\/mamakiya.org\/#organization\"},\"potentialAction\":[{\"@type\":\"SearchAction\",\"target\":{\"@type\":\"EntryPoint\",\"urlTemplate\":\"https:\/\/mamakiya.org\/?s={search_term_string}\"},\"query-input\":{\"@type\":\"PropertyValueSpecification\",\"valueRequired\":true,\"valueName\":\"search_term_string\"}}],\"inLanguage\":\"es\"},{\"@type\":\"Organization\",\"@id\":\"https:\/\/mamakiya.org\/#organization\",\"name\":\"MamaKiya e.V.\",\"url\":\"https:\/\/mamakiya.org\/\",\"logo\":{\"@type\":\"ImageObject\",\"inLanguage\":\"es\",\"@id\":\"https:\/\/mamakiya.org\/#\/schema\/logo\/image\/\",\"url\":\"https:\/\/mamakiya.org\/wp-content\/uploads\/2021\/06\/logo.png\",\"contentUrl\":\"https:\/\/mamakiya.org\/wp-content\/uploads\/2021\/06\/logo.png\",\"width\":1215,\"height\":174,\"caption\":\"MamaKiya e.V.\"},\"image\":{\"@id\":\"https:\/\/mamakiya.org\/#\/schema\/logo\/image\/\"},\"sameAs\":[\"https:\/\/www.facebook.com\/mamakiyaeV\/\",\"https:\/\/www.instagram.com\/mamakiyaev\/\",\"https:\/\/www.linkedin.com\/company\/43281658\/admin\/\",\"https:\/\/www.youtube.com\/channel\/UCZHLl5MijJG8PrcqkfuRhyw\"]}]}<\/script>\n<!-- \/ Yoast SEO plugin. -->","yoast_head_json":{"title":"Events MamaKiya e.V.","description":"Events MamaKiya e.V.: Wir organisieren Veranstaltungen in Kooperation mit Lateinamerika","robots":{"index":"index","follow":"follow","max-snippet":"max-snippet:-1","max-image-preview":"max-image-preview:large","max-video-preview":"max-video-preview:-1"},"canonical":"https:\/\/mamakiya.org\/es_pe\/eventss\/","og_locale":"es_ES","og_type":"article","og_title":"Events MamaKiya e.V.","og_description":"Events MamaKiya e.V.: Wir organisieren Veranstaltungen in Kooperation mit Lateinamerika","og_url":"https:\/\/mamakiya.org\/es_pe\/eventss\/","og_site_name":"mamakiya","article_publisher":"https:\/\/www.facebook.com\/mamakiyaeV\/","article_modified_time":"2022-05-04T14:47:18+00:00","og_image":[{"width":1298,"height":677,"url":"https:\/\/mamakiya.org\/wp-content\/uploads\/2022\/01\/Bildschirmfoto-2022-01-27-um-22.08.46.png","type":"image\/png"}],"twitter_card":"summary_large_image","twitter_misc":{"Est. reading time":"3 minutos"},"schema":{"@context":"https:\/\/schema.org","@graph":[{"@type":"WebPage","@id":"https:\/\/mamakiya.org\/eventss\/","url":"https:\/\/mamakiya.org\/eventss\/","name":"Events MamaKiya e.V.","isPartOf":{"@id":"https:\/\/mamakiya.org\/#website"},"primaryImageOfPage":{"@id":"https:\/\/mamakiya.org\/eventss\/#primaryimage"},"image":{"@id":"https:\/\/mamakiya.org\/eventss\/#primaryimage"},"thumbnailUrl":"https:\/\/mamakiya.org\/wp-content\/uploads\/2022\/01\/Bildschirmfoto-2022-01-27-um-22.08.46.png","datePublished":"2022-01-20T13:06:12+00:00","dateModified":"2022-05-04T14:47:18+00:00","description":"Events MamaKiya e.V.: Wir organisieren Veranstaltungen in Kooperation mit Lateinamerika","inLanguage":"es","potentialAction":[{"@type":"ReadAction","target":["https:\/\/mamakiya.org\/eventss\/"]}]},{"@type":"ImageObject","inLanguage":"es","@id":"https:\/\/mamakiya.org\/eventss\/#primaryimage","url":"https:\/\/mamakiya.org\/wp-content\/uploads\/2022\/01\/Bildschirmfoto-2022-01-27-um-22.08.46.png","contentUrl":"https:\/\/mamakiya.org\/wp-content\/uploads\/2022\/01\/Bildschirmfoto-2022-01-27-um-22.08.46.png","width":1298,"height":677,"caption":"Mamakiya - Einheit in der Viefalt"},{"@type":"WebSite","@id":"https:\/\/mamakiya.org\/#website","url":"https:\/\/mamakiya.org\/","name":"mamakiya","description":"Einheit in der Vielfalt","publisher":{"@id":"https:\/\/mamakiya.org\/#organization"},"potentialAction":[{"@type":"SearchAction","target":{"@type":"EntryPoint","urlTemplate":"https:\/\/mamakiya.org\/?s={search_term_string}"},"query-input":{"@type":"PropertyValueSpecification","valueRequired":true,"valueName":"search_term_string"}}],"inLanguage":"es"},{"@type":"Organization","@id":"https:\/\/mamakiya.org\/#organization","name":"MamaKiya e.V.","url":"https:\/\/mamakiya.org\/","logo":{"@type":"ImageObject","inLanguage":"es","@id":"https:\/\/mamakiya.org\/#\/schema\/logo\/image\/","url":"https:\/\/mamakiya.org\/wp-content\/uploads\/2021\/06\/logo.png","contentUrl":"https:\/\/mamakiya.org\/wp-content\/uploads\/2021\/06\/logo.png","width":1215,"height":174,"caption":"MamaKiya e.V."},"image":{"@id":"https:\/\/mamakiya.org\/#\/schema\/logo\/image\/"},"sameAs":["https:\/\/www.facebook.com\/mamakiyaeV\/","https:\/\/www.instagram.com\/mamakiyaev\/","https:\/\/www.linkedin.com\/company\/43281658\/admin\/","https:\/\/www.youtube.com\/channel\/UCZHLl5MijJG8PrcqkfuRhyw"]}]}},"_links":{"self":[{"href":"https:\/\/mamakiya.org\/es_pe\/wp-json\/wp\/v2\/pages\/18217"}],"collection":[{"href":"https:\/\/mamakiya.org\/es_pe\/wp-json\/wp\/v2\/pages"}],"about":[{"href":"https:\/\/mamakiya.org\/es_pe\/wp-json\/wp\/v2\/types\/page"}],"author":[{"embeddable":true,"href":"https:\/\/mamakiya.org\/es_pe\/wp-json\/wp\/v2\/users\/2"}],"replies":[{"embeddable":true,"href":"https:\/\/mamakiya.org\/es_pe\/wp-json\/wp\/v2\/comments?post=18217"}],"version-history":[{"count":0,"href":"https:\/\/mamakiya.org\/es_pe\/wp-json\/wp\/v2\/pages\/18217\/revisions"}],"wp:featuredmedia":[{"embeddable":true,"href":"https:\/\/mamakiya.org\/es_pe\/wp-json\/wp\/v2\/media\/20550"}],"wp:attachment":[{"href":"https:\/\/mamakiya.org\/es_pe\/wp-json\/wp\/v2\/media?parent=18217"}],"curies":[{"name":"wp","href":"https:\/\/api.w.org\/{rel}","templated":true}]}}